{"id":93,"date":"2015-08-04T18:46:22","date_gmt":"2015-08-04T16:46:22","guid":{"rendered":"http:\/\/wti-gmbh.de\/privatkunden\/?post_type=product&#038;p=93"},"modified":"2026-02-11T11:06:24","modified_gmt":"2026-02-11T10:06:24","slug":"limalg-algen-und-moosbeseitiger","status":"publish","type":"product","link":"https:\/\/wti-gmbh.de\/privatkunden\/shop\/limalg-algen-und-moosbeseitiger\/","title":{"rendered":"LimAlg Algen- und Moosbeseitiger"},"content":{"rendered":"","protected":false},"excerpt":{"rendered":"<h3>Nat\u00fcrlicher Algen- und Moosbeseitiger<\/h3>\n<p>LimAlg bringt Ihnen Ihre <strong>gepflegte Terrasse<\/strong> wieder zur\u00fcck. Die gewissenhaft ausgew\u00e4hlten Inhaltsstoffe von LimAlg (ohne S\u00e4uren und Chloride) wirken von ganz alleine und Sie k\u00f6nnen danach das l\u00e4stige Moos in den Fugen Ihrer Terrasse, an Ihren W\u00e4nden usw. leicht entfernen. LimAlg wirkt ebenso hervorragend gegen Schimmel an W\u00e4nden und beseitigt diesen dauerhaft. LimAlg ist erh\u00e4ltlich als Fl\u00fcssig-Konzentrat (deshalb immer mit Wasser verd\u00fcnnen) in der sparsamen 1000ml-Flasche mit bew\u00e4hrten, umweltfreundlichen Wirkstoffen. (Preis \/ Liter: 29,95 \u20ac)<\/p>\n","protected":false},"featured_media":2545,"comment_status":"open","ping_status":"closed","template":"","meta":[],"_links":{"self":[{"href":"https:\/\/wti-gmbh.de\/privatkunden\/wp-json\/wp\/v2\/product\/93"}],"collection":[{"href":"https:\/\/wti-gmbh.de\/privatkunden\/wp-json\/wp\/v2\/product"}],"about":[{"href":"https:\/\/wti-gmbh.de\/privatkunden\/wp-json\/wp\/v2\/types\/product"}],"replies":[{"embeddable":true,"href":"https:\/\/wti-gmbh.de\/privatkunden\/wp-json\/wp\/v2\/comments?post=93"}],"wp:featuredmedia":[{"embeddable":true,"href":"https:\/\/wti-gmbh.de\/privatkunden\/wp-json\/wp\/v2\/media\/2545"}],"wp:attachment":[{"href":"https:\/\/wti-gmbh.de\/privatkunden\/wp-json\/wp\/v2\/media?parent=93"}],"curies":[{"name":"wp","href":"https:\/\/api.w.org\/{rel}","templated":true}]}}