{"id":90,"date":"2015-08-04T18:37:49","date_gmt":"2015-08-04T16:37:49","guid":{"rendered":"http:\/\/wti-gmbh.de\/privatkunden\/?post_type=product&#038;p=90"},"modified":"2026-02-12T08:36:13","modified_gmt":"2026-02-12T07:36:13","slug":"limclean-wc-reiniger","status":"publish","type":"product","link":"https:\/\/wti-gmbh.de\/privatkunden\/shop\/limclean-wc-reiniger\/","title":{"rendered":"LimClean WC-Reiniger"},"content":{"rendered":"","protected":false},"excerpt":{"rendered":"<h3>Gebrauchsfertiger Reiniger f\u00fcr Toiletten, Waschbecken, Wannen und Ceranfeld.<\/h3>\n<p>LimClean, der <strong>hochwirksame WC-Reiniger<\/strong> geh\u00f6rt einfach in einem modernen Haushalt mit dazu. LimClean verschafft Ihnen eine \u201evorzeigbare\u201c Toilette ohne gro\u00dfe M\u00fchen und wirkt selbstt\u00e4tig ohne den Zusatz von aggressiven, scharfen S\u00e4uren, die bleibende Sch\u00e4den verursachen k\u00f6nnen. So werden Ihre <strong>Toiletten<\/strong>, <strong>Waschbecken<\/strong> und <strong>Wannen<\/strong>, ja sogar Ihre <strong>farbigen Acrylausstattungen<\/strong>, zuverl\u00e4ssig befreit von unsch\u00f6nem Kalk- und Urinstein. Und nat\u00fcrlich entfernt LimClean auch die \u00fcblichen <strong>Seifen- und Schmutzreste<\/strong> gleich mit. Das\u00a0<strong>Ceranfeld<\/strong> bringt LimClean schnell und zuverl\u00e4ssig sauber und es erstrahlt in neuem Glanz. LimClean ist erh\u00e4ltlich als gebrauchsfertiges Konzentrat mit der Haftformel Zellulose in der praktischen 500 ml-Flasche mit bew\u00e4hrter Rezeptur. (Preis \/ Liter: 19,90 \u20ac)<\/p>\n","protected":false},"featured_media":2546,"comment_status":"open","ping_status":"closed","template":"","meta":[],"_links":{"self":[{"href":"https:\/\/wti-gmbh.de\/privatkunden\/wp-json\/wp\/v2\/product\/90"}],"collection":[{"href":"https:\/\/wti-gmbh.de\/privatkunden\/wp-json\/wp\/v2\/product"}],"about":[{"href":"https:\/\/wti-gmbh.de\/privatkunden\/wp-json\/wp\/v2\/types\/product"}],"replies":[{"embeddable":true,"href":"https:\/\/wti-gmbh.de\/privatkunden\/wp-json\/wp\/v2\/comments?post=90"}],"wp:featuredmedia":[{"embeddable":true,"href":"https:\/\/wti-gmbh.de\/privatkunden\/wp-json\/wp\/v2\/media\/2546"}],"wp:attachment":[{"href":"https:\/\/wti-gmbh.de\/privatkunden\/wp-json\/wp\/v2\/media?parent=90"}],"curies":[{"name":"wp","href":"https:\/\/api.w.org\/{rel}","templated":true}]}}