{"id":82,"date":"2015-08-04T18:21:22","date_gmt":"2015-08-04T16:21:22","guid":{"rendered":"http:\/\/wti-gmbh.de\/privatkunden\/?post_type=product&#038;p=82"},"modified":"2026-02-12T08:40:57","modified_gmt":"2026-02-12T07:40:57","slug":"limdusch-duschwandreiniger","status":"publish","type":"product","link":"https:\/\/wti-gmbh.de\/privatkunden\/shop\/limdusch-duschwandreiniger\/","title":{"rendered":"LimDusch Duschwandreiniger"},"content":{"rendered":"","protected":false},"excerpt":{"rendered":"<p>LimDusch, der bei Ihnen seit Jahren sehr beliebte Duschwand-Reiniger, beseitigt schnell und sicher unsch\u00f6ne <strong>Kalk- und Wasserflecken<\/strong> von <strong>Duschw\u00e4nden, Armaturen, Fliesen<\/strong> usw. Das Profi-Mittel LimDusch bringt Ihr gesamtes Bad wieder auf Touren und l\u00e4sst es beinahe im Handumdrehen in neuem, spiegelnden <strong>Glanz<\/strong> erstrahlen. LimDusch ist absolut problem- und m\u00fchelos in der Anwendung: einfach aufspr\u00fchen, kurz wirken lassen, absp\u00fclen und wie gewohnt nachwischen. LimDusch ist erh\u00e4ltlich als gebrauchsfertiges Konzentrat in der 1000ml Flasche. (Preis \/ Liter: ohne Spr\u00fchkopf: 13,45 \u20ac mit Spr\u00fchkopf 14,95 \u20ac)<\/p>\n","protected":false},"featured_media":2547,"comment_status":"open","ping_status":"closed","template":"","meta":[],"_links":{"self":[{"href":"https:\/\/wti-gmbh.de\/privatkunden\/wp-json\/wp\/v2\/product\/82"}],"collection":[{"href":"https:\/\/wti-gmbh.de\/privatkunden\/wp-json\/wp\/v2\/product"}],"about":[{"href":"https:\/\/wti-gmbh.de\/privatkunden\/wp-json\/wp\/v2\/types\/product"}],"replies":[{"embeddable":true,"href":"https:\/\/wti-gmbh.de\/privatkunden\/wp-json\/wp\/v2\/comments?post=82"}],"wp:featuredmedia":[{"embeddable":true,"href":"https:\/\/wti-gmbh.de\/privatkunden\/wp-json\/wp\/v2\/media\/2547"}],"wp:attachment":[{"href":"https:\/\/wti-gmbh.de\/privatkunden\/wp-json\/wp\/v2\/media?parent=82"}],"curies":[{"name":"wp","href":"https:\/\/api.w.org\/{rel}","templated":true}]}}