{"id":7,"date":"2015-07-31T14:48:59","date_gmt":"2015-07-31T12:48:59","guid":{"rendered":"https:\/\/wti-gmbh.de\/privatkunden\/widerrufsbelehrung\/"},"modified":"2026-03-19T14:59:10","modified_gmt":"2026-03-19T13:59:10","slug":"widerrufsbelehrung","status":"publish","type":"page","link":"https:\/\/wti-gmbh.de\/privatkunden\/widerrufsbelehrung\/","title":{"rendered":"Widerrufsbelehrung"},"content":{"rendered":"<p><strong>Widerrufsbelehrung<\/strong><\/p>\n<p><strong>Verbraucher<\/strong><br \/>Verbraucher ist jede nat\u00fcrliche Person, die ein Rechtsgesch\u00e4ft zu Zwecken abschlie\u00dft, die \u00fcberwiegend weder ihrer gewerblichen noch ihrer selbst\u00e4ndigen beruflichen T\u00e4tigkeit zugerechnet werden k\u00f6nnen.<\/p>\n<h3 class=\"western\"><strong>Widerrufsrecht<\/strong><\/h3>\n<p>Sie haben das Recht, binnen vierzehn Tagen ohne Angabe von Gr\u00fcnden diesen Vertrag zu widerrufen.<\/p>\n<p>Die Widerrufsfrist betr\u00e4gt vierzehn Tage ab dem Tag,<br \/>an dem Sie oder ein von Ihnen benannter Dritter, der nicht der Bef\u00f6rderer ist, die letzte Ware in Besitz genommen haben bzw. hat.<\/p>\n<p>Um Ihr Widerrufsrecht auszu\u00fcben, m\u00fcssen Sie uns:<\/p>\n<p><strong>Michael Bodmann Management &amp; More GmbH<\/strong><br \/>Abt. WTI Reinigungsmittel<br \/>An den Wiesenz\u00e4unen 22<br \/>88316 Isny im Allg\u00e4u<br \/>Telefon: 08281 5052<br \/>Telefax: 08281 6051<br \/>E-Mail: <a href=\"mailto:info@wti-gmbh.de\">info@wti-gmbh.de<\/a><\/p>\n<p>mittels einer eindeutigen Erkl\u00e4rung (z. B. ein mit der Post versandter Brief, Telefax oder E-Mail) \u00fcber Ihren Entschluss, diesen Vertrag zu widerrufen, informieren.<\/p>\n<p>Sie k\u00f6nnen daf\u00fcr das beigef\u00fcgte Muster-Widerrufsformular verwenden, das jedoch nicht vorgeschrieben ist.<\/p>\n<p><strong>Zur Wahrung der Widerrufsfrist reicht es aus, dass Sie die Mitteilung \u00fcber die Aus\u00fcbung des Widerrufsrechts vor Ablauf der Widerrufsfrist absenden.<\/strong><\/p>\n<hr \/>\n<h3 class=\"western\"><strong>Widerrufsbutton (Online-Shop-Hinweis)<\/strong><\/h3>\n<p>Im Falle eines Online-Vertragsabschlusses \u00fcber unsere Website k\u00f6nnen Sie Ihr Widerrufsrecht auch \u00fcber einen entsprechend gekennzeichneten <strong>Widerrufsbutton<\/strong> aus\u00fcben, sofern dieser bereitgestellt wird. Durch Bet\u00e4tigung dieses Buttons wird eine eindeutige Widerrufserkl\u00e4rung abgegeben.<\/p>\n<hr \/>\n<h3 class=\"western\"><strong>Folgen des Widerrufs<\/strong><\/h3>\n<p>Wenn Sie diesen Vertrag widerrufen, haben wir Ihnen alle Zahlungen, die wir von Ihnen erhalten haben, einschlie\u00dflich der Lieferkosten (mit Ausnahme zus\u00e4tzlicher Kosten, die sich daraus ergeben, dass Sie eine andere Art der Lieferung als die von uns angebotene g\u00fcnstigste Standardlieferung gew\u00e4hlt haben), unverz\u00fcglich und sp\u00e4testens binnen vierzehn Tagen ab dem Tag zur\u00fcckzuzahlen, an dem die Mitteilung \u00fcber Ihren Widerruf bei uns eingegangen ist.<\/p>\n<p>F\u00fcr diese R\u00fcckzahlung verwenden wir dasselbe Zahlungsmittel, das Sie bei der urspr\u00fcnglichen Transaktion eingesetzt haben, es sei denn, mit Ihnen wurde ausdr\u00fccklich etwas anderes vereinbart. In keinem Fall werden Ihnen wegen dieser R\u00fcckzahlung Entgelte berechnet.<\/p>\n<p><strong>Hinweis zu PayPal-Zahlungen:<\/strong><br \/>Bei Zahlung \u00fcber PayPal behalten wir uns vor, die R\u00fcckzahlung per Bank\u00fcberweisung vorzunehmen. Hierf\u00fcr ben\u00f6tigen wir Ihre vollst\u00e4ndigen Kontodaten.<\/p>\n<p>Wir k\u00f6nnen die R\u00fcckzahlung verweigern, bis wir die Waren wieder zur\u00fcckerhalten haben oder bis Sie den Nachweis erbracht haben, dass Sie die Waren zur\u00fcckgesandt haben \u2013 je nachdem, welches der fr\u00fchere Zeitpunkt ist.<\/p>\n<p>Sie haben die Waren unverz\u00fcglich und in jedem Fall sp\u00e4testens binnen vierzehn Tagen ab dem Tag, an dem Sie uns \u00fcber den Widerruf unterrichten, an uns zur\u00fcckzusenden oder zu \u00fcbergeben.<\/p>\n<p>Die Frist ist gewahrt, wenn Sie die Waren vor Ablauf der Frist absenden.<\/p>\n<p>Sie tragen die unmittelbaren Kosten der R\u00fccksendung der Waren.<\/p>\n<p>Sie m\u00fcssen f\u00fcr einen etwaigen Wertverlust der Waren nur aufkommen, wenn dieser auf einen zur Pr\u00fcfung der Beschaffenheit, Eigenschaften und Funktionsweise der Waren nicht notwendigen Umgang zur\u00fcckzuf\u00fchren ist.<\/p>\n<hr \/>\n<h3 class=\"western\"><strong>Ausschluss bzw. vorzeitiges Erl\u00f6schen des Widerrufsrechts<\/strong><\/h3>\n<p>Das Widerrufsrecht besteht nicht bei Vertr\u00e4gen:<\/p>\n<ul>\n<li>\n<p>zur Lieferung von Waren, die nicht vorgefertigt sind und f\u00fcr deren Herstellung eine individuelle Auswahl oder Bestimmung durch den Verbraucher ma\u00dfgeblich ist oder die eindeutig auf die pers\u00f6nlichen Bed\u00fcrfnisse zugeschnitten sind<\/p>\n<\/li>\n<li>\n<p>zur Lieferung von Waren, die schnell verderben k\u00f6nnen oder deren Verfallsdatum schnell \u00fcberschritten w\u00fcrde<\/p>\n<\/li>\n<li>\n<p>zur Lieferung alkoholischer Getr\u00e4nke, deren Preis bei Vertragsschluss vereinbart wurde, die aber fr\u00fchestens 30 Tage nach Vertragsschluss geliefert werden k\u00f6nnen und deren aktueller Wert von Marktschwankungen abh\u00e4ngt<\/p>\n<\/li>\n<li>\n<p>zur Lieferung von Zeitungen, Zeitschriften oder Illustrierten mit Ausnahme von Abonnement-Vertr\u00e4gen<\/p>\n<\/li>\n<\/ul>\n<p>Das Widerrufsrecht erlischt vorzeitig bei Vertr\u00e4gen:<\/p>\n<ul>\n<li>\n<p>zur Lieferung versiegelter Waren, die aus Gr\u00fcnden des Gesundheitsschutzes oder der Hygiene nicht zur R\u00fcckgabe geeignet sind, wenn ihre Versiegelung nach der Lieferung entfernt wurde<\/p>\n<\/li>\n<li>\n<p>zur Lieferung von Waren, wenn diese nach der Lieferung aufgrund ihrer Beschaffenheit untrennbar mit anderen G\u00fctern vermischt wurden<\/p>\n<\/li>\n<li>\n<p>zur Lieferung von Ton- oder Videoaufnahmen oder Computersoftware in einer versiegelten Packung, wenn die Versiegelung nach der Lieferung entfernt wurde<\/p>\n<\/li>\n<\/ul>\n<hr \/>\n<h3 class=\"western\"><strong>Muster-Widerrufsformular<\/strong><\/h3>\n<p>(Wenn Sie den Vertrag widerrufen wollen, dann f\u00fcllen Sie bitte dieses Formular aus und senden Sie es zur\u00fcck.)<\/p>\n<p>An:<br \/>Michael Bodmann Management &amp; More GmbH<br \/>Abt. WTI Reinigungsmittel<br \/>An den Wiesenz\u00e4unen 22<br \/>88316 Isny im Allg\u00e4u<br \/>Fax: 08281 6051<br \/>E-Mail: <a href=\"mailto:info@wti-gmbh.de\">info@wti-gmbh.de<\/a><\/p>\n<p>Hiermit widerrufe(n) ich\/wir (<em>) den von mir\/uns (<\/em>) abgeschlossenen Vertrag \u00fcber den Kauf der folgenden Waren:<\/p>\n<p>\u2013 Bestellt am (<em>) \/ erhalten am (<\/em>)<br \/>\u2013 Name des\/der Verbraucher(s)<br \/>\u2013 Anschrift des\/der Verbraucher(s)<br \/>\u2013 Unterschrift (nur bei Mitteilung auf Papier)<br \/>\u2013 Datum<\/p>\n<p>(*) Unzutreffendes streichen.<\/p>\n<hr \/>\n<p><strong>Hinweis:<\/strong><br \/>Diese Widerrufsbelehrung entspricht den gesetzlichen Vorgaben gem\u00e4\u00df \u00a7\u00a7 355 ff. BGB. Hier k\u00f6nnen Sie Ihren Vertrag innerhalb der gesetzlichen Frist widerrufen.<\/p>\n\n  <div class=\"wbwb\" id=\"wbwb_e374eaed-4ac4-44d4-a3a7-fd5ace6f01cc\">\n    <button type=\"button\"\n      class=\"wbwb-btn \"\n      data-wb-modal-open=\"1\"\n      aria-haspopup=\"dialog\"\n      aria-controls=\"wbwb_e374eaed-4ac4-44d4-a3a7-fd5ace6f01cc_modal\">\n      Withdraw contract    <\/button>\n\n    <div class=\"wbmodal\" id=\"wbwb_e374eaed-4ac4-44d4-a3a7-fd5ace6f01cc_modal\" role=\"dialog\" aria-modal=\"true\" aria-hidden=\"true\">\n      <div class=\"wbmodal__backdrop\" data-wb-modal-close=\"1\"><\/div>\n      <div class=\"wbmodal__panel\" role=\"document\">\n        <div class=\"wbmodal__head\">\n          <div class=\"wbmodal__title\">Widerrufsbutton<\/div>\n          <button type=\"button\" class=\"wbmodal__close\" data-wb-modal-close=\"1\" aria-label=\"Close\">\u00d7<\/button>\n        <\/div>\n        <div class=\"wbmodal__body\">\n            <div class=\"wbwf\" data-layout=\"single\" id=\"wbwf_dda4625d-68cb-49b1-a963-2c65f31411cd\">\n\n    <div class=\"wbwf-step wbwf-step-1\">\n      <h3>Widerruf Ihres Vertrags starten.<\/h3>\n      <p class=\"wbwf-sub\">Bitte geben Sie Ihre Bestellnummer und E-Mail-Adresse ein.<\/p>\n\n      <div class=\"wbwf-alert wbwf-alert-error\" hidden><\/div>\n\n      <form class=\"wbwf-form\" novalidate>\n        <div class=\"wbwf-grid\">\n          <div class=\"wbwf-field\">\n            <label for=\"wbwf_dda4625d-68cb-49b1-a963-2c65f31411cd_name\">Name *<\/label>\n            <input id=\"wbwf_dda4625d-68cb-49b1-a963-2c65f31411cd_name\" name=\"customer_name\" type=\"text\" autocomplete=\"name\" required>\n            <div class=\"wbwf-field-error\" data-for=\"customer_name\" hidden><\/div>\n          <\/div>\n\n          <div class=\"wbwf-field\">\n            <label for=\"wbwf_dda4625d-68cb-49b1-a963-2c65f31411cd_email\">E-Mail *<\/label>\n            <input id=\"wbwf_dda4625d-68cb-49b1-a963-2c65f31411cd_email\" name=\"customer_email\" type=\"email\" autocomplete=\"email\" required>\n            <div class=\"wbwf-field-error\" data-for=\"customer_email\" hidden><\/div>\n          <\/div>\n\n          <div class=\"wbwf-field wbwf-field-full\">\n            <label for=\"wbwf_dda4625d-68cb-49b1-a963-2c65f31411cd_contract\">Bestell- oder Vertragsnummer *<\/label>\n            <input id=\"wbwf_dda4625d-68cb-49b1-a963-2c65f31411cd_contract\" name=\"contract_ref\" type=\"text\" autocomplete=\"off\" required>\n            <div class=\"wbwf-field-error\" data-for=\"contract_ref\" hidden><\/div>\n          <\/div>\n\n          <div class=\"wbwf-field wbwf-field-full\">\n            <label for=\"wbwf_dda4625d-68cb-49b1-a963-2c65f31411cd_remark\">Bemerkung (optional)<\/label>\n            <textarea id=\"wbwf_dda4625d-68cb-49b1-a963-2c65f31411cd_remark\" name=\"remark\" rows=\"3\"><\/textarea>\n            <div class=\"wbwf-field-error\" data-for=\"remark\" hidden><\/div>\n          <\/div>\n\n\t          \t          \t\t          <div class=\"wbwf-field wbwf-field-full\">\n\t\t            <label for=\"wbwf_dda4625d-68cb-49b1-a963-2c65f31411cd_reason\">Widerrufsgrund (optional)<\/label>\n\t            <select id=\"wbwf_dda4625d-68cb-49b1-a963-2c65f31411cd_reason\" name=\"reason_key\" data-wbwf-reason-select=\"1\">\n\t\t              <option value=\"\">-- Bitte w\u00e4hlen --<\/option>\n\t              \t                <option value=\"custom_cd3a247e\">Falsch bestellt<\/option>\n\t              \t                <option value=\"custom_70540593\">Kein Bedarf<\/option>\n\t              \t            <\/select>\n\t            <input type=\"hidden\" name=\"reason_label\" value=\"\">\n\t            <div class=\"wbwf-field-error\" data-for=\"reason\" hidden><\/div>\n\t          <\/div>\n\t          \n          <div class=\"wbwf-hp\" aria-hidden=\"true\">\n            <label>Website<\/label>\n            <input name=\"hp_field\" type=\"text\" tabindex=\"-1\" autocomplete=\"off\">\n          <\/div>\n        <\/div>\n\n        <div class=\"wbwf-actions\">\n\t          <button type=\"submit\" class=\"wbwf-btn wbwf-btn-primary\">Weiter zur Best\u00e4tigung<\/button>\n\t          <span class=\"wbwf-loading\" hidden>Bitte warten\u2026<\/span>\n        <\/div>\n      <\/form>\n    <\/div>\n\n    <div class=\"wbwf-step wbwf-step-2\" hidden>\n      <h3>Widerruf best\u00e4tigen<\/h3>\n      <p class=\"wbwf-sub\">Bitte pr\u00fcfen Sie Ihre Angaben und best\u00e4tigen Sie den Widerruf.<\/p>\n\n      <div class=\"wbwf-summary\"><\/div>\n\n      <div class=\"wbwf-confirm\">\n        <label class=\"wbwf-checkbox\">\n          <input type=\"checkbox\" name=\"confirm_statement\" value=\"1\">\n          <span>Hiermit widerrufe ich den oben genannten Vertrag.<\/span>\n        <\/label>\n        <div class=\"wbwf-field-error\" data-for=\"confirm_statement\" hidden><\/div>\n      <\/div>\n\n      <div class=\"wbwf-actions\">\n        <button type=\"button\" class=\"wbwf-btn wbwf-btn-secondary\" data-action=\"back\">Zur\u00fcck<\/button>\n        <button type=\"button\" class=\"wbwf-btn wbwf-btn-primary\" data-action=\"confirm\">Widerruf absenden<\/button>\n\t        <span class=\"wbwf-loading\" hidden>Bitte warten\u2026<\/span>\n      <\/div>\n    <\/div>\n\n    <div class=\"wbwf-step wbwf-step-success\" hidden>\n      <h3>Widerruf eingegangen<\/h3>\n      <p>Wir haben Ihren Widerruf erhalten. Sie bekommen eine Best\u00e4tigung per E-Mail.<\/p>\n      <div class=\"wbwf-success-meta\"><\/div>\n    <\/div>\n\n  <\/div>\n          <\/div>\n      <\/div>\n    <\/div>\n  <\/div>\n  \n","protected":false},"excerpt":{"rendered":"<p>Widerrufsbelehrung VerbraucherVerbraucher ist jede nat\u00fcrliche Person, die ein Rechtsgesch\u00e4ft zu Zwecken abschlie\u00dft, die \u00fcberwiegend weder ihrer gewerblichen noch ihrer selbst\u00e4ndigen beruflichen T\u00e4tigkeit zugerechnet werden k\u00f6nnen. Widerrufsrecht Sie haben das Recht, binnen vierzehn Tagen ohne Angabe von Gr\u00fcnden diesen Vertrag zu widerrufen. Die Widerrufsfrist betr\u00e4gt vierzehn Tage ab dem Tag,an dem Sie oder ein von Ihnen [&hellip;]<\/p>\n","protected":false},"author":1,"featured_media":0,"parent":0,"menu_order":0,"comment_status":"closed","ping_status":"open","template":"","meta":[],"_links":{"self":[{"href":"https:\/\/wti-gmbh.de\/privatkunden\/wp-json\/wp\/v2\/pages\/7"}],"collection":[{"href":"https:\/\/wti-gmbh.de\/privatkunden\/wp-json\/wp\/v2\/pages"}],"about":[{"href":"https:\/\/wti-gmbh.de\/privatkunden\/wp-json\/wp\/v2\/types\/page"}],"author":[{"embeddable":true,"href":"https:\/\/wti-gmbh.de\/privatkunden\/wp-json\/wp\/v2\/users\/1"}],"replies":[{"embeddable":true,"href":"https:\/\/wti-gmbh.de\/privatkunden\/wp-json\/wp\/v2\/comments?post=7"}],"version-history":[{"count":21,"href":"https:\/\/wti-gmbh.de\/privatkunden\/wp-json\/wp\/v2\/pages\/7\/revisions"}],"predecessor-version":[{"id":3184,"href":"https:\/\/wti-gmbh.de\/privatkunden\/wp-json\/wp\/v2\/pages\/7\/revisions\/3184"}],"wp:attachment":[{"href":"https:\/\/wti-gmbh.de\/privatkunden\/wp-json\/wp\/v2\/media?parent=7"}],"curies":[{"name":"wp","href":"https:\/\/api.w.org\/{rel}","templated":true}]}}