{"id":58,"date":"2015-08-04T17:04:16","date_gmt":"2015-08-04T15:04:16","guid":{"rendered":"http:\/\/wti-gmbh.de\/privatkunden\/?page_id=58"},"modified":"2023-01-31T09:53:40","modified_gmt":"2023-01-31T08:53:40","slug":"limtex","status":"publish","type":"page","link":"https:\/\/wti-gmbh.de\/privatkunden\/produkte\/limtex\/","title":{"rendered":"LimTex Universal-Microfasertuch"},"content":{"rendered":"<p>[vc_row][vc_column width=&#8220;1\/4&#8243;][row][column lg=&#8220;4&#8243; md=&#8220;4&#8243; sm=&#8220;4&#8243;][vc_single_image image=&#8220;1828&#8243; img_size=&#8220;full&#8220; style=&#8220;vc_box_rounded&#8220;][\/column][column lg=&#8220;8&#8243; md=&#8220;8&#8243; sm=&#8220;8&#8243;][vc_column_text]<\/p>\n<h3>LimTex &#8211; Der praktische Helfer<\/h3>\n<h4>Putzen wie die Profis<\/h4>\n<ul>\n<li>Mit doppelter Saugkraft gl\u00e4nzt alles wie neu.<\/li>\n<li>Extra gro\u00df ca. 40 x 40 cm<\/li>\n<li>Geh\u00f6rt in jeden Haushalt.<\/li>\n<\/ul>\n<p>[\/vc_column_text][vc_column_text]LimTex, das etwas andere <strong>Mikrofasertuch<\/strong>, ist doppelt gewebt f\u00fcr <strong>doppelte<\/strong> Saug- und Reinigungskraft. Extra gro\u00df (ca. 40 x 40 cm) und somit die ideale Unterst\u00fctzung bei der t\u00e4glichen Anwendung unserer Produkte.[\/vc_column_text][vc_button title=&#8220;im Online-Shop kaufen&#8220; color=&#8220;btn-warning&#8220; size=&#8220;btn-large&#8220; href=&#8220;https:\/\/wti-gmbh.de\/privatkunden\/shop\/limtex-microfasertuch\/&#8220;][\/column][\/row][vc_single_image image=&#8220;1828&#8243; img_size=&#8220;medium&#8220;][vc_column_text]<\/p>\n<table style=\"height: 27px;\" border=\"0\" width=\"280\" frame=\"VOID\" rules=\"NONE\" cellspacing=\"0\">\n<colgroup>\n<col width=\"86\" \/><\/colgroup>\n<tbody>\n<tr>\n<td align=\"LEFT\" width=\"86\" height=\"17\"><span style=\"font-size: xx-small;\">@ WTI Archivbild \/ Michael Bodmann Management &amp; More GmbH<\/span><\/td>\n<\/tr>\n<\/tbody>\n<\/table>\n<p>[\/vc_column_text][\/vc_column][vc_column width=&#8220;3\/4&#8243;][vc_column_text]<\/p>\n<h3>LimTex \u2013 Der praktische Helfer<\/h3>\n<h3><!-- \/wp:heading --><\/h3>\n<!-- wp:heading {\"level\":4} -->\n<h4>Putzen wie die Profis<\/h4>\n<h3><!-- \/wp:heading --><\/h3>\n<!-- wp:list -->\n<ul>\n<li>Mit doppelter Saugkraft gl\u00e4nzt alles wie neu.<\/li>\n<li>Extra gro\u00df ca. 40 x 40 cm<\/li>\n<li>Geh\u00f6rt in jeden Haushalt.<\/li>\n<\/ul>\n<h3><!-- \/wp:list --><\/h3>\n<p><!-- wp:paragraph --><!-- \/wp:paragraph --><!-- wp:shortcode --><br \/>\nLimTex, das etwas andere\u00a0<strong style=\"font-weight: bold;\">Mikrofasertuch<\/strong>, ist doppelt gewebt f\u00fcr\u00a0<strong style=\"font-weight: bold;\">doppelte<\/strong>\u00a0Saug- und Reinigungskraft. Extra gro\u00df (ca. 40 x 40 cm) und somit die ideale Unterst\u00fctzung bei der t\u00e4glichen Anwendung unserer Produkte.<\/p>\n<p><!-- \/wp:shortcode --><!-- wp:paragraph --><a href=\"https:\/\/wti-gmbh.de\/privatkunden\/shop\/limtex-microfasertuch\/\">im Online-Shop kaufen<\/a><\/p>\n<p>&nbsp;[\/vc_column_text][\/vc_column][\/vc_row][vc_row][vc_column]    <div class=\"shortcode container  \"\r\n        >\r\n        [vc_column_text]<\/p>\n<h3>Anwendung<\/h3>\n<div id=\"idTextPanel\" class=\"jqDnR\">\n<p><strong>Mikrofasertuch, doppelt gewebt f\u00fcr doppelte Saug- und Reinigungskraft.<\/strong><\/p>\n<p>LimTex, das etwas andere Microfasertuch, ist doppelt gewebt f\u00fcr doppelte Saug- und Reinigungskraft. Extragro\u00df (ca. 40 x 40 cm) und somit die ideale Unterst\u00fctzung bei der t\u00e4glichen Anwendung unserer Produkte.<\/p>\n<\/div>\n<h3>Verf\u00fcgbare Gr\u00f6\u00dfen<\/h3>\n<p>Microfasertuch: 40 x 40 cm[\/vc_column_text]    <\/div>\r\n    [\/vc_column][\/vc_row]<\/p>\n","protected":false},"excerpt":{"rendered":"<p>[vc_row][vc_column width=&#8220;1\/4&#8243;][row][column lg=&#8220;4&#8243; md=&#8220;4&#8243; sm=&#8220;4&#8243;][vc_single_image image=&#8220;1828&#8243; img_size=&#8220;full&#8220; style=&#8220;vc_box_rounded&#8220;][\/column][column lg=&#8220;8&#8243; md=&#8220;8&#8243; sm=&#8220;8&#8243;][vc_column_text] LimTex &#8211; Der praktische Helfer Putzen wie die Profis Mit doppelter Saugkraft gl\u00e4nzt alles wie neu. Extra gro\u00df ca. 40 x 40 cm Geh\u00f6rt in jeden Haushalt. [\/vc_column_text][vc_column_text]LimTex, das etwas andere Mikrofasertuch, ist doppelt gewebt f\u00fcr doppelte Saug- und Reinigungskraft. Extra gro\u00df (ca. 40 [&hellip;]<\/p>\n","protected":false},"author":1,"featured_media":0,"parent":17,"menu_order":6,"comment_status":"open","ping_status":"closed","template":"","meta":[],"_links":{"self":[{"href":"https:\/\/wti-gmbh.de\/privatkunden\/wp-json\/wp\/v2\/pages\/58"}],"collection":[{"href":"https:\/\/wti-gmbh.de\/privatkunden\/wp-json\/wp\/v2\/pages"}],"about":[{"href":"https:\/\/wti-gmbh.de\/privatkunden\/wp-json\/wp\/v2\/types\/page"}],"author":[{"embeddable":true,"href":"https:\/\/wti-gmbh.de\/privatkunden\/wp-json\/wp\/v2\/users\/1"}],"replies":[{"embeddable":true,"href":"https:\/\/wti-gmbh.de\/privatkunden\/wp-json\/wp\/v2\/comments?post=58"}],"version-history":[{"count":18,"href":"https:\/\/wti-gmbh.de\/privatkunden\/wp-json\/wp\/v2\/pages\/58\/revisions"}],"predecessor-version":[{"id":2509,"href":"https:\/\/wti-gmbh.de\/privatkunden\/wp-json\/wp\/v2\/pages\/58\/revisions\/2509"}],"up":[{"embeddable":true,"href":"https:\/\/wti-gmbh.de\/privatkunden\/wp-json\/wp\/v2\/pages\/17"}],"wp:attachment":[{"href":"https:\/\/wti-gmbh.de\/privatkunden\/wp-json\/wp\/v2\/media?parent=58"}],"curies":[{"name":"wp","href":"https:\/\/api.w.org\/{rel}","templated":true}]}}