{"id":54,"date":"2015-08-04T17:03:32","date_gmt":"2015-08-04T15:03:32","guid":{"rendered":"http:\/\/wti-gmbh.de\/privatkunden\/?page_id=54"},"modified":"2023-01-31T09:51:56","modified_gmt":"2023-01-31T08:51:56","slug":"limclean","status":"publish","type":"page","link":"https:\/\/wti-gmbh.de\/privatkunden\/produkte\/limclean\/","title":{"rendered":"LimClean WC-Reiniger"},"content":{"rendered":"<p>[vc_row][vc_column width=&#8220;1\/4&#8243;][row][column lg=&#8220;4&#8243; md=&#8220;4&#8243; sm=&#8220;4&#8243;][vc_single_image image=&#8220;1824&#8243; img_size=&#8220;full&#8220; style=&#8220;vc_box_rounded&#8220;][\/column][column lg=&#8220;8&#8243; md=&#8220;8&#8243; sm=&#8220;8&#8243;][vc_column_text]<\/p>\n<h3>LimClean &#8211; Der WC-Held<\/h3>\n<h4><strong>Kalk und Urinstein haben keine Chance.<\/strong><\/h4>\n<ul>\n<li>gebrauchsfertig<\/li>\n<li>Toiletten<\/li>\n<li>Waschbecken<\/li>\n<li>Wannen<\/li>\n<\/ul>\n<p>[\/vc_column_text][vc_column_text]<\/p>\n<h3>Gebrauchsfertiger Reiniger f\u00fcr Toiletten, Waschbecken und Wannen<\/h3>\n<p>LimClean, der <strong>hochwirksame WC-Reiniger<\/strong> geh\u00f6rt einfach in einem modernen Haushalt mit dazu. LimClean verschafft Ihnen eine \u201evorzeigbare\u201c Toilette ohne gro\u00dfe M\u00fchen und wirkt selbstt\u00e4tig ohne den Zusatz von aggressiven, scharfen S\u00e4uren, die bleibende Sch\u00e4den verursachen k\u00f6nnen. So werden Ihre <strong>Toiletten<\/strong>, <strong>Waschbecken<\/strong> und <strong>Wannen<\/strong>, ja sogar Ihre <strong>farbigen Acrylausstattungen<\/strong>, zuverl\u00e4ssig befreit von unsch\u00f6nem Kalk- und Urinstein. Und nat\u00fcrlich entfernt LimClean auch die \u00fcblichen <strong>Seifen- und Schmutzreste<\/strong> gleich mit. LimClean ist erh\u00e4ltlich als gebrauchsfertiges Konzentrat mit der Haftformel Zellulose in der praktischen 500 ml-Flasche mit bew\u00e4hrter Rezeptur.[\/vc_column_text][vc_button title=&#8220;im Online-Shop kaufen&#8220; color=&#8220;btn-warning&#8220; size=&#8220;btn-large&#8220; href=&#8220;https:\/\/wti-gmbh.de\/privatkunden\/shop\/limclean-wc-reiniger\/&#8220;][\/column][\/row][vc_single_image image=&#8220;1824&#8243; img_size=&#8220;medium&#8220;][vc_column_text]<\/p>\n<table style=\"height: 27px;\" border=\"0\" width=\"280\" frame=\"VOID\" rules=\"NONE\" cellspacing=\"0\">\n<colgroup>\n<col width=\"86\" \/><\/colgroup>\n<tbody>\n<tr>\n<td align=\"LEFT\" width=\"86\" height=\"17\"><span style=\"font-size: xx-small;\">@ WTI Archivbild \/ Michael Bodmann Management &amp; More GmbH<\/span><\/td>\n<\/tr>\n<\/tbody>\n<\/table>\n<p>[\/vc_column_text][\/vc_column][vc_column width=&#8220;3\/4&#8243;][vc_column_text]<\/p>\n<h3>LimClean \u2013 Der WC-Held<\/h3>\n<h3><!-- \/wp:heading --><\/h3>\n<!-- wp:heading {\"level\":4} -->\n<h4><strong>Kalk und Urinstein haben keine Chance.<\/strong><\/h4>\n<h3><!-- \/wp:heading --><\/h3>\n<!-- wp:list -->\n<ul>\n<li>gebrauchsfertig<\/li>\n<li>Toiletten<\/li>\n<li>Waschbecken<\/li>\n<li>Wannen<\/li>\n<li>Ceranfeld<\/li>\n<\/ul>\n<h3><!-- \/wp:list --><\/h3>\n<p><!-- wp:paragraph --><!-- \/wp:paragraph --><br \/>\n<!-- wp:shortcode --><\/p>\n<h3 style=\"font-weight: normal !important; line-height: 1.1; margin-top: 20px; margin-bottom: 15px; font-size: 25px; font-style: normal; letter-spacing: normal; text-align: start; text-indent: 0px; text-transform: none;\">Gebrauchsfertiger Reiniger f\u00fcr Toiletten, Waschbecken, Wannen und auch Ceranfeld<\/h3>\n<p style=\"margin: 0px 0px 15px; font-size: 16px; font-style: normal; font-weight: 400; letter-spacing: normal; text-align: start; text-indent: 0px; text-transform: none;\">LimClean, der\u00a0<strong style=\"font-weight: bold;\">hochwirksame WC-Reiniger<\/strong>\u00a0geh\u00f6rt einfach in einem modernen Haushalt mit dazu. LimClean verschafft Ihnen eine \u201evorzeigbare\u201c Toilette ohne gro\u00dfe M\u00fchen und wirkt selbstt\u00e4tig ohne den Zusatz von aggressiven, scharfen S\u00e4uren, die bleibende Sch\u00e4den verursachen k\u00f6nnen. So werden Ihre\u00a0<strong style=\"font-weight: bold;\">Toiletten<\/strong>,\u00a0<strong style=\"font-weight: bold;\">Waschbecken<\/strong>\u00a0und\u00a0<strong style=\"font-weight: bold;\">Wannen<\/strong>, ja sogar Ihre\u00a0<strong style=\"font-weight: bold;\">farbigen Acrylausstattungen<\/strong>, zuverl\u00e4ssig befreit von unsch\u00f6nem Kalk- und Urinstein. Und nat\u00fcrlich entfernt LimClean auch die \u00fcblichen\u00a0<strong style=\"font-weight: bold;\">Seifen- und Schmutzreste<\/strong> gleich mit. Das <strong>Ceranfeld<\/strong> bringt LimClean schnell und zuverl\u00e4ssig sauber und es erstrahlt in neuem Glanz. LimClean ist erh\u00e4ltlich als gebrauchsfertiges Konzentrat mit der Haftformel Zellulose in der praktischen 500 ml-Flasche mit bew\u00e4hrter Rezeptur.<br \/>\n<!-- \/wp:shortcode --><\/p>\n<p><!-- wp:paragraph --><a href=\"https:\/\/wti-gmbh.de\/privatkunden\/shop\/limclean-wc-reiniger\/\">im Online-Shop kaufen<\/a>[\/vc_column_text][\/vc_column][\/vc_row][vc_row][vc_column]    <div class=\"shortcode container  \"\r\n        >\r\n        [vc_column_text]<\/p>\n<h3>Anwendung<\/h3>\n<div id=\"idTextPanel\" class=\"jqDnR\">\n<p><strong>L\u00f6st umweltgerecht Kalk- und Urinstein in Toiletten. Auch f\u00fcr Wannen und Waschbecken geeignet.<\/strong><\/p>\n<p>LimClean gleichm\u00e4\u00dfig in die Toilette und unter die WC R\u00e4nder geben, ausreichend lang einwirken lassen. Anschlie\u00dfend wie gewohnt nachreinigen.<\/p>\n<p>In hartn\u00e4ckigen F\u00e4llen Vorgang wiederholen.<br \/>\nLimClean entfernt auch Seifen- und Schmutzreste in Wannen und Waschbecken (auch bei farbigen Acrylausstattungen anwendbar).<\/p>\n<p>LimClean entfernt kleine Kratzer und Schmutz auf dem Ceranfeld. Gleichm\u00e4\u00dfig auftragen, einwirken lassen und danach feucht abwischen.<\/p>\n<\/div>\n<h3>Verf\u00fcgbare Gr\u00f6\u00dfen<\/h3>\n<p>500ml Flasche[\/vc_column_text]    <\/div>\r\n    [\/vc_column][\/vc_row]<\/p>\n","protected":false},"excerpt":{"rendered":"<p>[vc_row][vc_column width=&#8220;1\/4&#8243;][row][column lg=&#8220;4&#8243; md=&#8220;4&#8243; sm=&#8220;4&#8243;][vc_single_image image=&#8220;1824&#8243; img_size=&#8220;full&#8220; style=&#8220;vc_box_rounded&#8220;][\/column][column lg=&#8220;8&#8243; md=&#8220;8&#8243; sm=&#8220;8&#8243;][vc_column_text] LimClean &#8211; Der WC-Held Kalk und Urinstein haben keine Chance. gebrauchsfertig Toiletten Waschbecken Wannen [\/vc_column_text][vc_column_text] Gebrauchsfertiger Reiniger f\u00fcr Toiletten, Waschbecken und Wannen LimClean, der hochwirksame WC-Reiniger geh\u00f6rt einfach in einem modernen Haushalt mit dazu. LimClean verschafft Ihnen eine \u201evorzeigbare\u201c Toilette ohne gro\u00dfe M\u00fchen und [&hellip;]<\/p>\n","protected":false},"author":1,"featured_media":0,"parent":17,"menu_order":4,"comment_status":"open","ping_status":"closed","template":"","meta":[],"_links":{"self":[{"href":"https:\/\/wti-gmbh.de\/privatkunden\/wp-json\/wp\/v2\/pages\/54"}],"collection":[{"href":"https:\/\/wti-gmbh.de\/privatkunden\/wp-json\/wp\/v2\/pages"}],"about":[{"href":"https:\/\/wti-gmbh.de\/privatkunden\/wp-json\/wp\/v2\/types\/page"}],"author":[{"embeddable":true,"href":"https:\/\/wti-gmbh.de\/privatkunden\/wp-json\/wp\/v2\/users\/1"}],"replies":[{"embeddable":true,"href":"https:\/\/wti-gmbh.de\/privatkunden\/wp-json\/wp\/v2\/comments?post=54"}],"version-history":[{"count":18,"href":"https:\/\/wti-gmbh.de\/privatkunden\/wp-json\/wp\/v2\/pages\/54\/revisions"}],"predecessor-version":[{"id":2507,"href":"https:\/\/wti-gmbh.de\/privatkunden\/wp-json\/wp\/v2\/pages\/54\/revisions\/2507"}],"up":[{"embeddable":true,"href":"https:\/\/wti-gmbh.de\/privatkunden\/wp-json\/wp\/v2\/pages\/17"}],"wp:attachment":[{"href":"https:\/\/wti-gmbh.de\/privatkunden\/wp-json\/wp\/v2\/media?parent=54"}],"curies":[{"name":"wp","href":"https:\/\/api.w.org\/{rel}","templated":true}]}}