{"id":52,"date":"2015-08-04T17:03:14","date_gmt":"2015-08-04T15:03:14","guid":{"rendered":"http:\/\/wti-gmbh.de\/privatkunden\/?page_id=52"},"modified":"2023-01-31T09:50:58","modified_gmt":"2023-01-31T08:50:58","slug":"limdusch","status":"publish","type":"page","link":"https:\/\/wti-gmbh.de\/privatkunden\/produkte\/limdusch\/","title":{"rendered":"LimDusch Duschwandreiniger"},"content":{"rendered":"<p>[vc_row][vc_column width=&#8220;1\/4&#8243;][row][column lg=&#8220;4&#8243; md=&#8220;4&#8243; sm=&#8220;4&#8243;][vc_single_image image=&#8220;1825&#8243; img_size=&#8220;full&#8220; style=&#8220;vc_box_rounded&#8220;][\/column][column lg=&#8220;8&#8243; md=&#8220;8&#8243; sm=&#8220;8&#8243;][vc_column_text]<\/p>\n<h3>LimDusch \/ Der Bad-Profi &#8211; Beseitigt Kalk- und Wasserflecken von Duschw\u00e4nden, Armaturen und Fliesen.<\/h3>\n<h4>Damit wird das Bad zur Wohlf\u00fchl-Oase<\/h4>\n<ul>\n<li>gebrauchsfertig<\/li>\n<li>Duschw\u00e4nde<\/li>\n<li>Waschbecken<\/li>\n<li>Fliesen<\/li>\n<li>Armaturen<\/li>\n<\/ul>\n<p>[\/vc_column_text][vc_column_text]LimDusch, der bei Ihnen seit Jahren sehr beliebte Duschwand-Reiniger, beseitigt schnell und sicher unsch\u00f6ne <strong>Kalk- und Wasserflecken<\/strong> von <strong>Duschw\u00e4nden, Armaturen, Fliesen<\/strong> usw. Das Profi-Mittel LimDusch bringt Ihr gesamtes Bad wieder auf Touren und l\u00e4sst es beinahe im Handumdrehen in neuem, spiegelnden <strong>Glanz<\/strong> erstrahlen. LimDusch ist absolut problem- und m\u00fchelos in der Anwendung: Einfach aufspr\u00fchen, kurz wirken lassen, absp\u00fclen und wie gewohnt nachwischen. LimDusch ist erh\u00e4ltlich als gebrauchsfertiges Konzentrat.[\/vc_column_text][vc_button title=&#8220;im Online-Shop kaufen&#8220; color=&#8220;btn-warning&#8220; size=&#8220;btn-large&#8220; href=&#8220;https:\/\/wti-gmbh.de\/privatkunden\/shop\/limdusch-duschwandreiniger\/&#8220;][\/column][\/row][vc_single_image image=&#8220;1825&#8243; img_size=&#8220;medium&#8220;][vc_column_text]<\/p>\n<table style=\"height: 27px;\" border=\"0\" width=\"280\" frame=\"VOID\" rules=\"NONE\" cellspacing=\"0\">\n<colgroup>\n<col width=\"86\" \/><\/colgroup>\n<tbody>\n<tr>\n<td align=\"LEFT\" width=\"86\" height=\"17\"><span style=\"font-size: xx-small;\">@ WTI Archivbild \/ Michael Bodmann Management &amp; More GmbH<\/span><\/td>\n<\/tr>\n<\/tbody>\n<\/table>\n<p>[\/vc_column_text][\/vc_column][vc_column width=&#8220;3\/4&#8243;][vc_column_text]<\/p>\n<h3 class=\"has-text-align-left\">LimDusch \/ Der Bad-Profi \u2013 Beseitigt Kalk- und Wasserflecken von Duschw\u00e4nden, Armaturen und Fliesen.<\/h3>\n<h3><!-- \/wp:heading --><\/p>\n<p><!-- wp:heading {\"level\":4} --><\/h3>\n<h4>Damit wird das Bad zur Wohlf\u00fchl-Oase<\/h4>\n<h3><!-- \/wp:heading --><\/p>\n<p><!-- wp:list --><\/h3>\n<ul>\n<li>gebrauchsfertig<\/li>\n<li>Duschw\u00e4nde<\/li>\n<li>Waschbecken<\/li>\n<li>Fliesen<\/li>\n<li>Armaturen<\/li>\n<\/ul>\n<h3><!-- \/wp:list --><\/p>\n<p><!-- wp:paragraph --><!-- \/wp:paragraph --><\/h3>\n<p><!-- wp:shortcode --><br \/>\nLimDusch, der bei Ihnen seit Jahren sehr beliebte Duschwand-Reiniger, beseitigt schnell und sicher unsch\u00f6ne\u00a0<strong style=\"font-weight: bold;\">Kalk- und Wasserflecken<\/strong>\u00a0von\u00a0<strong style=\"font-weight: bold;\">Duschw\u00e4nden, Armaturen, Fliesen<\/strong>\u00a0usw. Das Profi-Mittel LimDusch bringt Ihr gesamtes Bad wieder auf Touren und l\u00e4sst es beinahe im Handumdrehen in neuem, spiegelnden\u00a0<strong style=\"font-weight: bold;\">Glanz<\/strong>\u00a0erstrahlen. LimDusch ist absolut problem- und m\u00fchelos in der Anwendung: Einfach aufspr\u00fchen, kurz wirken lassen, absp\u00fclen und wie gewohnt nachwischen. LimDusch ist erh\u00e4ltlich als gebrauchsfertiges Konzentrat.<br \/>\n<!-- \/wp:shortcode --><!-- wp:paragraph --><a href=\"https:\/\/wti-gmbh.de\/privatkunden\/shop\/limdusch-duschwandreiniger\/\">im Online-Shop kaufen<\/a><\/p>\n<p>&nbsp;[\/vc_column_text][\/vc_column][\/vc_row][vc_row][vc_column]    <div class=\"shortcode container  \"\r\n        >\r\n        [vc_column_text]<\/p>\n<h3>Anwendung<\/h3>\n<div id=\"idTextPanel\" class=\"jqDnR\">\n<p><strong>L\u00f6st umweltfreundlich Kalkablagerungen auf Fliesen, Armaturen und Duschw\u00e4nden.<\/strong><\/p>\n<p>LimDusch gleichm\u00e4\u00dfig auf Fliesen, Armaturen und Duschw\u00e4nden auftragen und ca. 10 Minuten einwirken lassen. Anschlie\u00dfend mit warmem Wasser absp\u00fclen und mit Lappen oder <a href=\"http:\/\/wti-gmbh.de\/privatkunden\/produkte\/limtex\/\">LimTex Microfasertuch<\/a> nachwischen.<br \/>\nBei hartn\u00e4ckigen Verkrustungen, z. B. in Ecken und Armaturen, ein Tuch mit LimDusch tr\u00e4nken und umwickeln bzw. auflegen. Nicht l\u00e4ngere Zeit auf Marmor und Emaille einwirken lassen.<\/p>\n<\/div>\n<h3>Verf\u00fcgbare Gr\u00f6\u00dfen<\/h3>\n<p>1000ml Flasche mit Spr\u00fckopf<\/p>\n<p>1000ml Nachf\u00fcllflasche[\/vc_column_text]    <\/div>\r\n    [\/vc_column][\/vc_row]<\/p>\n","protected":false},"excerpt":{"rendered":"<p>[vc_row][vc_column width=&#8220;1\/4&#8243;][row][column lg=&#8220;4&#8243; md=&#8220;4&#8243; sm=&#8220;4&#8243;][vc_single_image image=&#8220;1825&#8243; img_size=&#8220;full&#8220; style=&#8220;vc_box_rounded&#8220;][\/column][column lg=&#8220;8&#8243; md=&#8220;8&#8243; sm=&#8220;8&#8243;][vc_column_text] LimDusch \/ Der Bad-Profi &#8211; Beseitigt Kalk- und Wasserflecken von Duschw\u00e4nden, Armaturen und Fliesen. Damit wird das Bad zur Wohlf\u00fchl-Oase gebrauchsfertig Duschw\u00e4nde Waschbecken Fliesen Armaturen [\/vc_column_text][vc_column_text]LimDusch, der bei Ihnen seit Jahren sehr beliebte Duschwand-Reiniger, beseitigt schnell und sicher unsch\u00f6ne Kalk- und Wasserflecken von Duschw\u00e4nden, [&hellip;]<\/p>\n","protected":false},"author":1,"featured_media":0,"parent":17,"menu_order":3,"comment_status":"open","ping_status":"closed","template":"","meta":[],"_links":{"self":[{"href":"https:\/\/wti-gmbh.de\/privatkunden\/wp-json\/wp\/v2\/pages\/52"}],"collection":[{"href":"https:\/\/wti-gmbh.de\/privatkunden\/wp-json\/wp\/v2\/pages"}],"about":[{"href":"https:\/\/wti-gmbh.de\/privatkunden\/wp-json\/wp\/v2\/types\/page"}],"author":[{"embeddable":true,"href":"https:\/\/wti-gmbh.de\/privatkunden\/wp-json\/wp\/v2\/users\/1"}],"replies":[{"embeddable":true,"href":"https:\/\/wti-gmbh.de\/privatkunden\/wp-json\/wp\/v2\/comments?post=52"}],"version-history":[{"count":22,"href":"https:\/\/wti-gmbh.de\/privatkunden\/wp-json\/wp\/v2\/pages\/52\/revisions"}],"predecessor-version":[{"id":2506,"href":"https:\/\/wti-gmbh.de\/privatkunden\/wp-json\/wp\/v2\/pages\/52\/revisions\/2506"}],"up":[{"embeddable":true,"href":"https:\/\/wti-gmbh.de\/privatkunden\/wp-json\/wp\/v2\/pages\/17"}],"wp:attachment":[{"href":"https:\/\/wti-gmbh.de\/privatkunden\/wp-json\/wp\/v2\/media?parent=52"}],"curies":[{"name":"wp","href":"https:\/\/api.w.org\/{rel}","templated":true}]}}