{"id":48,"date":"2015-08-04T17:02:23","date_gmt":"2015-08-04T15:02:23","guid":{"rendered":"http:\/\/wti-gmbh.de\/privatkunden\/?page_id=48"},"modified":"2023-01-31T09:49:07","modified_gmt":"2023-01-31T08:49:07","slug":"limcalc","status":"publish","type":"page","link":"https:\/\/wti-gmbh.de\/privatkunden\/produkte\/limcalc\/","title":{"rendered":"LimCalc Kalkl\u00f6ser"},"content":{"rendered":"<p>[vc_row][vc_column width=&#8220;1\/4&#8243;][vc_single_image image=&#8220;1822&#8243; img_size=&#8220;medium&#8220;][vc_column_text]<\/p>\n<table style=\"height: 27px;\" border=\"0\" width=\"280\" frame=\"VOID\" rules=\"NONE\" cellspacing=\"0\">\n<colgroup>\n<col width=\"86\" \/><\/colgroup>\n<tbody>\n<tr>\n<td align=\"LEFT\" width=\"86\" height=\"17\"><span style=\"font-size: xx-small;\">@ WTI Archivbild \/ Michael Bodmann Management &amp; More GmbH<\/span><\/td>\n<\/tr>\n<\/tbody>\n<\/table>\n<p>[\/vc_column_text][\/vc_column][vc_column width=&#8220;3\/4&#8243;][vc_column_text]<\/p>\n<h3>LimCalc Haushalt \u2013 Der Power-Entkalker<\/h3>\n<h4>M\u00fchelos und effizient entkalken<\/h4>\n<ul>\n<li>100 % Pulverkonzentrat mit wasserfreier Lebensmittel-Zitronens\u00e4ure und Harnstoff<\/li>\n<li>Kaffee- und Teemaschinen<\/li>\n<li>Kocht\u00f6pfe, Schnellkocher, Boiler, etc.<\/li>\n<li>Dampfb\u00fcgeleisen, Wasch-, Sp\u00fclmaschinen<\/li>\n<li>Duschk\u00f6pfe, Einsatzsiebe, Wasserh\u00e4hne<\/li>\n<\/ul>\n<p>LimCalc, der Haushalts-Kalkl\u00f6ser f\u00fcr alle\u00a0<strong>Kalkprobleme in Ihrem Haushalt<\/strong>, war unser erstes Produkt \u00fcberhaupt und steht bei Ihnen immer noch ganz oben in der Beliebtheitsskala. Ob\u00a0<strong>Kaffeemaschine<\/strong>\u00a0oder\u00a0<strong>Wasserkocher<\/strong>, in der<strong>\u00a0Wasch-\/Sp\u00fclmaschine<\/strong>\u00a0oder f\u00fcrs\u00a0<strong>B\u00fcgeleisen<\/strong>, \u00fcberall wirkt LimCalc zuverl\u00e4ssig und sicher und ganz ohne l\u00e4stige Ger\u00fcche!<\/p>\n<p>Mit LimCalc entkalken Sie sehr sparsam, material- und umweltschonend, sodass Ihre Ger\u00e4te und Maschinen keine bleibenden Kalksch\u00e4den davon tragen.<\/p>\n<p><a href=\"https:\/\/wti-gmbh.de\/privatkunden\/shop\/limcalc-kalkloeser\/\">im Online Shop kaufen<\/a>[\/vc_column_text][\/vc_column][\/vc_row][vc_row][vc_column][vc_column_text]<\/p>\n<h3>Anwendung<\/h3>\n<div id=\"idTextPanel\" class=\"jqDnR\">\n<p><strong>Biologisch abbaubares Kalkl\u00f6serkonzentrat f\u00fcr alle Kalkprobleme im Haushalt. z. B. f\u00fcr Kaffee- und Teemaschinen, Kocht\u00f6pfe, Schnellkocher, Boiler, Waschmaschinen, Sp\u00fclmaschinen, Dampfb\u00fcgeleisen usw.<\/strong><\/p>\n<p><strong>Kaffee- und Teemaschinen:\u00a0<\/strong>1 Messl\u00f6ffel LimCalc in die bef\u00fcllte Maschine geben. Halbe F\u00fcllung durchlaufen lassen. Maschine f\u00fcr ca. 15 Minuten ausschalten und wirken lassen. Anschlie\u00dfend Entkalkungsvorgang fortsetzen. Ein Nachsp\u00fclvorgang wird empfohlen.<\/p>\n<p><strong>Kocht\u00f6pfe, Schnellkocher, Boiler etc.:\u00a0<\/strong>Bis zum Kalkansatz mit Wasser f\u00fcllen. 1 Me\u00dfl\u00f6ffel LimCalc pro Liter Wasser dazugeben und wirken lassen. Ein Erw\u00e4rmen der L\u00f6sung beschleunigt den Entkalkungsvorgang.<br \/>\nAnzahl notwendige Sp\u00fcl-Intervalle: abh\u00e4ngig von der St\u00e4rke der zu l\u00f6senden Kalkinkrustationen.<\/p>\n<p><strong>Waschmaschinen, Sp\u00fclmaschinen:\u00a0<\/strong>Maschine bis zum Heizstab mit Wasser f\u00fcllen. 1 Messl\u00f6ffel LimCalc pro Liter dazugeben und z. B. \u00fcber Nacht wirken lassen.\u00a0<strong>Vorteilhaft:\u00a0<\/strong>Zum regelm\u00e4\u00dfigen Gebrauch 1\/3 Messl\u00f6ffel LimCalc dem Wasch-\/Sp\u00fclmittel dazugeben. Sie k\u00f6nnen dann 50 % weniger Wasch-\/Sp\u00fclmittel verwenden.<\/p>\n<p><strong>Dampfb\u00fcgeleisen:\u00a0<\/strong>L\u00f6sung ansetzen (\u00bd Messl\u00f6ffel LimCalc auf \u00bd Liter Wasser). Wasserbeh\u00e4lter f\u00fcllen und ca. 3 Stunden wirken lassen. Danach mehrmals Dampfsto\u00df bet\u00e4tigen, sehr gut nachsp\u00fclen.<\/p>\n<p><strong>Toiletten bei Urinstein:\u00a0<\/strong>5 Messl\u00f6ffel LimCalc in die Toilette geben und \u00fcber Nacht wirken lassen. Bei Bedarf wiederholen.<\/p>\n<p><strong>Duschk\u00f6pfe, Einsatzsiebe (Wasserh\u00e4hne):\u00a0<\/strong>1 Messl\u00f6ffel LimCalc pro Liter Wasser aufl\u00f6sen. Duschk\u00f6pfe ohne abzuschrauben\/Einsatzsiebe abgeschraubt in die L\u00f6sung legen.<\/p>\n<p><strong>Duschwand:\u00a0<\/strong>3 Messl\u00f6ffel LimCalc in handels\u00fcblicher Pump-Spr\u00fchflasche (500 ml) l\u00f6sen, auf die Duschwand spr\u00fchen und mit Schwamm verteilen. Kurz wirken lassen und anschlie\u00dfend mit klarem Wasser nachsp\u00fclen.<\/p>\n<h3>Verf\u00fcgbare Gr\u00f6\u00dfen<\/h3>\n<p>500g Nachf\u00fcllbeutel<\/p>\n<\/div>\n<p>1000g Nachf\u00fcllbeutel[\/vc_column_text][\/vc_column][\/vc_row]<\/p>\n","protected":false},"excerpt":{"rendered":"<p>[vc_row][vc_column width=&#8220;1\/4&#8243;][vc_single_image image=&#8220;1822&#8243; img_size=&#8220;medium&#8220;][vc_column_text] @ WTI Archivbild \/ Michael Bodmann Management &amp; More GmbH [\/vc_column_text][\/vc_column][vc_column width=&#8220;3\/4&#8243;][vc_column_text] LimCalc Haushalt \u2013 Der Power-Entkalker M\u00fchelos und effizient entkalken 100 % Pulverkonzentrat mit wasserfreier Lebensmittel-Zitronens\u00e4ure und Harnstoff Kaffee- und Teemaschinen Kocht\u00f6pfe, Schnellkocher, Boiler, etc. Dampfb\u00fcgeleisen, Wasch-, Sp\u00fclmaschinen Duschk\u00f6pfe, Einsatzsiebe, Wasserh\u00e4hne LimCalc, der Haushalts-Kalkl\u00f6ser f\u00fcr alle\u00a0Kalkprobleme in Ihrem Haushalt, war [&hellip;]<\/p>\n","protected":false},"author":1,"featured_media":0,"parent":17,"menu_order":1,"comment_status":"open","ping_status":"closed","template":"","meta":[],"_links":{"self":[{"href":"https:\/\/wti-gmbh.de\/privatkunden\/wp-json\/wp\/v2\/pages\/48"}],"collection":[{"href":"https:\/\/wti-gmbh.de\/privatkunden\/wp-json\/wp\/v2\/pages"}],"about":[{"href":"https:\/\/wti-gmbh.de\/privatkunden\/wp-json\/wp\/v2\/types\/page"}],"author":[{"embeddable":true,"href":"https:\/\/wti-gmbh.de\/privatkunden\/wp-json\/wp\/v2\/users\/1"}],"replies":[{"embeddable":true,"href":"https:\/\/wti-gmbh.de\/privatkunden\/wp-json\/wp\/v2\/comments?post=48"}],"version-history":[{"count":29,"href":"https:\/\/wti-gmbh.de\/privatkunden\/wp-json\/wp\/v2\/pages\/48\/revisions"}],"predecessor-version":[{"id":2504,"href":"https:\/\/wti-gmbh.de\/privatkunden\/wp-json\/wp\/v2\/pages\/48\/revisions\/2504"}],"up":[{"embeddable":true,"href":"https:\/\/wti-gmbh.de\/privatkunden\/wp-json\/wp\/v2\/pages\/17"}],"wp:attachment":[{"href":"https:\/\/wti-gmbh.de\/privatkunden\/wp-json\/wp\/v2\/media?parent=48"}],"curies":[{"name":"wp","href":"https:\/\/api.w.org\/{rel}","templated":true}]}}