{"id":2110,"date":"2021-02-08T14:16:59","date_gmt":"2021-02-08T13:16:59","guid":{"rendered":"https:\/\/wti-gmbh.de\/privatkunden\/?page_id=2110"},"modified":"2023-01-31T09:55:58","modified_gmt":"2023-01-31T08:55:58","slug":"powerpaket","status":"publish","type":"page","link":"https:\/\/wti-gmbh.de\/privatkunden\/produkte\/powerpaket\/","title":{"rendered":"Powerpaket"},"content":{"rendered":"<p>[vc_row][vc_column][vc_column_text]<\/p>\n<h3>Powerpaket zum Sonderpreis &#8211; sparen Sie \u00fcber 10 %<a href=\"https:\/\/wti-gmbh.de\/privatkunden\/wp-content\/uploads\/sites\/2\/2021\/02\/Paket-Powerpaket-2021-scaled.jpg\"><img loading=\"lazy\" class=\"size-medium wp-image-2020 aligncenter\" src=\"https:\/\/wti-gmbh.de\/privatkunden\/wp-content\/uploads\/sites\/2\/2021\/02\/Paket-Powerpaket-2021-300x300.jpg\" alt=\"\" width=\"300\" height=\"300\" srcset=\"https:\/\/wti-gmbh.de\/privatkunden\/wp-content\/uploads\/sites\/2\/2021\/02\/Paket-Powerpaket-2021-300x300.jpg 300w, https:\/\/wti-gmbh.de\/privatkunden\/wp-content\/uploads\/sites\/2\/2021\/02\/Paket-Powerpaket-2021-1024x1024.jpg 1024w, https:\/\/wti-gmbh.de\/privatkunden\/wp-content\/uploads\/sites\/2\/2021\/02\/Paket-Powerpaket-2021-150x150.jpg 150w, https:\/\/wti-gmbh.de\/privatkunden\/wp-content\/uploads\/sites\/2\/2021\/02\/Paket-Powerpaket-2021-768x768.jpg 768w, https:\/\/wti-gmbh.de\/privatkunden\/wp-content\/uploads\/sites\/2\/2021\/02\/Paket-Powerpaket-2021-1536x1536.jpg 1536w, https:\/\/wti-gmbh.de\/privatkunden\/wp-content\/uploads\/sites\/2\/2021\/02\/Paket-Powerpaket-2021-2048x2048.jpg 2048w, https:\/\/wti-gmbh.de\/privatkunden\/wp-content\/uploads\/sites\/2\/2021\/02\/Paket-Powerpaket-2021-1140x1140.jpg 1140w, https:\/\/wti-gmbh.de\/privatkunden\/wp-content\/uploads\/sites\/2\/2021\/02\/Paket-Powerpaket-2021-1000x1000.jpg 1000w, https:\/\/wti-gmbh.de\/privatkunden\/wp-content\/uploads\/sites\/2\/2021\/02\/Paket-Powerpaket-2021-645x645.jpg 645w, https:\/\/wti-gmbh.de\/privatkunden\/wp-content\/uploads\/sites\/2\/2021\/02\/Paket-Powerpaket-2021-560x560.jpg 560w, https:\/\/wti-gmbh.de\/privatkunden\/wp-content\/uploads\/sites\/2\/2021\/02\/Paket-Powerpaket-2021-750x750.jpg 750w, https:\/\/wti-gmbh.de\/privatkunden\/wp-content\/uploads\/sites\/2\/2021\/02\/Paket-Powerpaket-2021-400x400.jpg 400w, https:\/\/wti-gmbh.de\/privatkunden\/wp-content\/uploads\/sites\/2\/2021\/02\/Paket-Powerpaket-2021-228x228.jpg 228w, https:\/\/wti-gmbh.de\/privatkunden\/wp-content\/uploads\/sites\/2\/2021\/02\/Paket-Powerpaket-2021-800x800.jpg 800w, https:\/\/wti-gmbh.de\/privatkunden\/wp-content\/uploads\/sites\/2\/2021\/02\/Paket-Powerpaket-2021-100x100.jpg 100w\" sizes=\"(max-width: 300px) 100vw, 300px\" \/><\/a><\/h3>\n<table style=\"height: 31px;\" border=\"0\" width=\"346\" frame=\"VOID\" rules=\"NONE\" cellspacing=\"0\">\n<colgroup>\n<col width=\"86\" \/><\/colgroup>\n<tbody>\n<tr>\n<td align=\"LEFT\" width=\"86\" height=\"17\"><span style=\"font-size: xx-small;\">@ alle Bilder WTI Archivbilder \/ Michael Bodmann Management &amp; More GmbH<\/span><\/td>\n<\/tr>\n<\/tbody>\n<\/table>\n<h3>Mit der Kraft der Orange schonend und dennoch effektiv allen Schmutz aus Ihrem Heim entfernen!<\/h3>\n<p><strong>Und als Geschenk gibt es noch zus\u00e4tzlich unser LimTex Universal-Microfasertuch.<br \/><\/strong><\/p>\n<p>Das Powerpaket gibt es bei uns zu einem Sonderpreis von <strong>nur 23,75 \u20ac.<br \/><\/strong><\/p>\n<p><a href=\"https:\/\/wti-gmbh.de\/privatkunden\/shop\/powerpaket\/\">im Online Shop kaufen<\/a><\/p>\n<h3>1. Produkt &#8211; LimCalc Kalkl\u00f6ser<\/h3>\n<h4><a href=\"https:\/\/wti-gmbh.de\/privatkunden\/wp-content\/uploads\/sites\/2\/2020\/11\/LimCalc-Haushalt-500-2020.jpg\"><img loading=\"lazy\" class=\"wp-image-1818 alignleft\" src=\"https:\/\/wti-gmbh.de\/privatkunden\/wp-content\/uploads\/sites\/2\/2020\/11\/LimCalc-Haushalt-500-2020-300x300.jpg\" alt=\"\" width=\"150\" height=\"150\" srcset=\"https:\/\/wti-gmbh.de\/privatkunden\/wp-content\/uploads\/sites\/2\/2020\/11\/LimCalc-Haushalt-500-2020-300x300.jpg 300w, https:\/\/wti-gmbh.de\/privatkunden\/wp-content\/uploads\/sites\/2\/2020\/11\/LimCalc-Haushalt-500-2020-150x150.jpg 150w, https:\/\/wti-gmbh.de\/privatkunden\/wp-content\/uploads\/sites\/2\/2020\/11\/LimCalc-Haushalt-500-2020-768x768.jpg 768w, https:\/\/wti-gmbh.de\/privatkunden\/wp-content\/uploads\/sites\/2\/2020\/11\/LimCalc-Haushalt-500-2020-1024x1024.jpg 1024w, https:\/\/wti-gmbh.de\/privatkunden\/wp-content\/uploads\/sites\/2\/2020\/11\/LimCalc-Haushalt-500-2020-1140x1140.jpg 1140w, https:\/\/wti-gmbh.de\/privatkunden\/wp-content\/uploads\/sites\/2\/2020\/11\/LimCalc-Haushalt-500-2020-1000x1000.jpg 1000w, https:\/\/wti-gmbh.de\/privatkunden\/wp-content\/uploads\/sites\/2\/2020\/11\/LimCalc-Haushalt-500-2020-645x645.jpg 645w, https:\/\/wti-gmbh.de\/privatkunden\/wp-content\/uploads\/sites\/2\/2020\/11\/LimCalc-Haushalt-500-2020-560x560.jpg 560w, https:\/\/wti-gmbh.de\/privatkunden\/wp-content\/uploads\/sites\/2\/2020\/11\/LimCalc-Haushalt-500-2020-750x750.jpg 750w, https:\/\/wti-gmbh.de\/privatkunden\/wp-content\/uploads\/sites\/2\/2020\/11\/LimCalc-Haushalt-500-2020-400x400.jpg 400w, https:\/\/wti-gmbh.de\/privatkunden\/wp-content\/uploads\/sites\/2\/2020\/11\/LimCalc-Haushalt-500-2020-228x228.jpg 228w, https:\/\/wti-gmbh.de\/privatkunden\/wp-content\/uploads\/sites\/2\/2020\/11\/LimCalc-Haushalt-500-2020-800x800.jpg 800w, https:\/\/wti-gmbh.de\/privatkunden\/wp-content\/uploads\/sites\/2\/2020\/11\/LimCalc-Haushalt-500-2020-100x100.jpg 100w\" sizes=\"(max-width: 150px) 100vw, 150px\" \/><\/a>Hochwirksamer Kalkl\u00f6ser<\/h4>\n<p>LimCalc, der Haushalts-Kalkl\u00f6ser f\u00fcr alle <strong>Kalkprobleme in Ihrem Haushalt<\/strong>, war unser erstes Produkt \u00fcberhaupt und steht bei Ihnen immer noch ganz oben in der Beliebtheitsskala. Ob <strong>Kaffeemaschine<\/strong> oder <strong>Wasserkocher<\/strong>, in der<strong> Wasch-\/Sp\u00fclmaschine<\/strong> oder f\u00fcrs <strong>B\u00fcgeleisen<\/strong>, \u00fcberall wirkt LimCalc zuverl\u00e4ssig und sicher und ganz ohne l\u00e4stige Ger\u00fcche!<\/p>\n<h4><strong>Sie erhalten:<\/strong><\/h4>\n<p>1 x LimCalc Kalkl\u00f6ser &#8211; 500g Beutel<\/p>\n<h3>2. Produkt &#8211; LimOrange Universalreiniger + Fleckl\u00f6ser<\/h3>\n<p><a href=\"https:\/\/wti-gmbh.de\/privatkunden\/wp-content\/uploads\/sites\/2\/2020\/11\/LimOrange-2020.jpg\"><img loading=\"lazy\" class=\"wp-image-1817 alignleft\" src=\"https:\/\/wti-gmbh.de\/privatkunden\/wp-content\/uploads\/sites\/2\/2020\/11\/LimOrange-2020-300x300.jpg\" alt=\"\" width=\"150\" height=\"150\" srcset=\"https:\/\/wti-gmbh.de\/privatkunden\/wp-content\/uploads\/sites\/2\/2020\/11\/LimOrange-2020-300x300.jpg 300w, https:\/\/wti-gmbh.de\/privatkunden\/wp-content\/uploads\/sites\/2\/2020\/11\/LimOrange-2020-150x150.jpg 150w, https:\/\/wti-gmbh.de\/privatkunden\/wp-content\/uploads\/sites\/2\/2020\/11\/LimOrange-2020-768x768.jpg 768w, https:\/\/wti-gmbh.de\/privatkunden\/wp-content\/uploads\/sites\/2\/2020\/11\/LimOrange-2020-1024x1024.jpg 1024w, https:\/\/wti-gmbh.de\/privatkunden\/wp-content\/uploads\/sites\/2\/2020\/11\/LimOrange-2020-1140x1140.jpg 1140w, https:\/\/wti-gmbh.de\/privatkunden\/wp-content\/uploads\/sites\/2\/2020\/11\/LimOrange-2020-1000x1000.jpg 1000w, https:\/\/wti-gmbh.de\/privatkunden\/wp-content\/uploads\/sites\/2\/2020\/11\/LimOrange-2020-645x645.jpg 645w, https:\/\/wti-gmbh.de\/privatkunden\/wp-content\/uploads\/sites\/2\/2020\/11\/LimOrange-2020-560x560.jpg 560w, https:\/\/wti-gmbh.de\/privatkunden\/wp-content\/uploads\/sites\/2\/2020\/11\/LimOrange-2020-750x750.jpg 750w, https:\/\/wti-gmbh.de\/privatkunden\/wp-content\/uploads\/sites\/2\/2020\/11\/LimOrange-2020-400x400.jpg 400w, https:\/\/wti-gmbh.de\/privatkunden\/wp-content\/uploads\/sites\/2\/2020\/11\/LimOrange-2020-228x228.jpg 228w, https:\/\/wti-gmbh.de\/privatkunden\/wp-content\/uploads\/sites\/2\/2020\/11\/LimOrange-2020-800x800.jpg 800w, https:\/\/wti-gmbh.de\/privatkunden\/wp-content\/uploads\/sites\/2\/2020\/11\/LimOrange-2020-100x100.jpg 100w\" sizes=\"(max-width: 150px) 100vw, 150px\" \/><\/a><\/p>\n<h4>Multifunktions-Reiniger<\/h4>\n<p><strong>Dieses Konzentrat schafft den h\u00e4rtesten Schmutz<\/strong><\/p>\n<p>LimOrange, der <strong>universelle Multifunktions-Reiniger<\/strong> ist nach wie vor unser absolutes Top-Produkt! LimOrange Multifunktions-Reiniger ist ein 100 %-Super-Fl\u00fcssigkonzentrat mit nachweisbar 100 % hochwirksamen Inhaltsstoffen und einem super attraktiven Preis-Leistungsverh\u00e4ltnis!<\/p>\n<h4><strong>Sie erhalten:<\/strong><\/h4>\n<p>1 x LimOrange Universalreiniger + Fleckl\u00f6ser &#8211; 500ml Flasche<\/p>\n<h3>3. Produkt &#8211; LimTex Microfasertuch<\/h3>\n<p><a href=\"https:\/\/wti-gmbh.de\/privatkunden\/wp-content\/uploads\/sites\/2\/2020\/11\/LimTex-2020.jpg\"><img loading=\"lazy\" class=\"wp-image-1828 alignleft\" src=\"https:\/\/wti-gmbh.de\/privatkunden\/wp-content\/uploads\/sites\/2\/2020\/11\/LimTex-2020-300x300.jpg\" alt=\"\" width=\"150\" height=\"150\" srcset=\"https:\/\/wti-gmbh.de\/privatkunden\/wp-content\/uploads\/sites\/2\/2020\/11\/LimTex-2020-300x300.jpg 300w, https:\/\/wti-gmbh.de\/privatkunden\/wp-content\/uploads\/sites\/2\/2020\/11\/LimTex-2020-150x150.jpg 150w, https:\/\/wti-gmbh.de\/privatkunden\/wp-content\/uploads\/sites\/2\/2020\/11\/LimTex-2020-768x768.jpg 768w, https:\/\/wti-gmbh.de\/privatkunden\/wp-content\/uploads\/sites\/2\/2020\/11\/LimTex-2020-1024x1024.jpg 1024w, https:\/\/wti-gmbh.de\/privatkunden\/wp-content\/uploads\/sites\/2\/2020\/11\/LimTex-2020-1140x1140.jpg 1140w, https:\/\/wti-gmbh.de\/privatkunden\/wp-content\/uploads\/sites\/2\/2020\/11\/LimTex-2020-1000x1000.jpg 1000w, https:\/\/wti-gmbh.de\/privatkunden\/wp-content\/uploads\/sites\/2\/2020\/11\/LimTex-2020-645x645.jpg 645w, https:\/\/wti-gmbh.de\/privatkunden\/wp-content\/uploads\/sites\/2\/2020\/11\/LimTex-2020-560x560.jpg 560w, https:\/\/wti-gmbh.de\/privatkunden\/wp-content\/uploads\/sites\/2\/2020\/11\/LimTex-2020-750x750.jpg 750w, https:\/\/wti-gmbh.de\/privatkunden\/wp-content\/uploads\/sites\/2\/2020\/11\/LimTex-2020-400x400.jpg 400w, https:\/\/wti-gmbh.de\/privatkunden\/wp-content\/uploads\/sites\/2\/2020\/11\/LimTex-2020-228x228.jpg 228w, https:\/\/wti-gmbh.de\/privatkunden\/wp-content\/uploads\/sites\/2\/2020\/11\/LimTex-2020-800x800.jpg 800w, https:\/\/wti-gmbh.de\/privatkunden\/wp-content\/uploads\/sites\/2\/2020\/11\/LimTex-2020-100x100.jpg 100w\" sizes=\"(max-width: 150px) 100vw, 150px\" \/><\/a><\/p>\n<h4><strong>Die ideale Unterst\u00fctzung f\u00fcr alle WTI-Produkte<\/strong><\/h4>\n<p>LimTex, das etwas andere Mikrofasertuch, ist doppelt gewebt f\u00fcr doppelte Saug- und Reinigungskraft. Extragro\u00df (ca. 40 x 40 cm) und somit die ideale Unterst\u00fctzung bei der t\u00e4glichen Anwendung unserer Produkte.<\/p>\n<h4><strong>Sie erhalten:<\/strong><\/h4>\n<p>LimTex Universal-Microfasertuch &#8211; 1 Tuch (ca.40x40mm)<\/p>\n<h3><strong>+ 10% Sonderrabatt auf das Powerpaket<br \/><\/strong><\/h3>\n<div class=\"description\"><strong>Sie erhalten Insgesamt:<\/strong><br \/>1 x LimCalc &#8211; 500g Beutel<\/div>\n<div class=\"description\">1 x LimOrange &#8211; 500ml Flasche<\/div>\n<div class=\"description\">1 x LimTex Universal-Microfasertuch<\/div>\n<div class=\"description\">10% Sonderrabatt<\/div>\n<p>[\/vc_column_text][\/vc_column][\/vc_row][vc_row][vc_column][vc_column_text][\/vc_column_text][\/vc_column][\/vc_row]<\/p>\n","protected":false},"excerpt":{"rendered":"<p>[vc_row][vc_column][vc_column_text] Powerpaket zum Sonderpreis &#8211; sparen Sie \u00fcber 10 % @ alle Bilder WTI Archivbilder \/ Michael Bodmann Management &amp; More GmbH Mit der Kraft der Orange schonend und dennoch effektiv allen Schmutz aus Ihrem Heim entfernen! Und als Geschenk gibt es noch zus\u00e4tzlich unser LimTex Universal-Microfasertuch. Das Powerpaket gibt es bei uns zu einem [&hellip;]<\/p>\n","protected":false},"author":13,"featured_media":0,"parent":17,"menu_order":7,"comment_status":"closed","ping_status":"closed","template":"","meta":[],"_links":{"self":[{"href":"https:\/\/wti-gmbh.de\/privatkunden\/wp-json\/wp\/v2\/pages\/2110"}],"collection":[{"href":"https:\/\/wti-gmbh.de\/privatkunden\/wp-json\/wp\/v2\/pages"}],"about":[{"href":"https:\/\/wti-gmbh.de\/privatkunden\/wp-json\/wp\/v2\/types\/page"}],"author":[{"embeddable":true,"href":"https:\/\/wti-gmbh.de\/privatkunden\/wp-json\/wp\/v2\/users\/13"}],"replies":[{"embeddable":true,"href":"https:\/\/wti-gmbh.de\/privatkunden\/wp-json\/wp\/v2\/comments?post=2110"}],"version-history":[{"count":5,"href":"https:\/\/wti-gmbh.de\/privatkunden\/wp-json\/wp\/v2\/pages\/2110\/revisions"}],"predecessor-version":[{"id":2510,"href":"https:\/\/wti-gmbh.de\/privatkunden\/wp-json\/wp\/v2\/pages\/2110\/revisions\/2510"}],"up":[{"embeddable":true,"href":"https:\/\/wti-gmbh.de\/privatkunden\/wp-json\/wp\/v2\/pages\/17"}],"wp:attachment":[{"href":"https:\/\/wti-gmbh.de\/privatkunden\/wp-json\/wp\/v2\/media?parent=2110"}],"curies":[{"name":"wp","href":"https:\/\/api.w.org\/{rel}","templated":true}]}}