{"id":21,"date":"2015-08-04T16:51:13","date_gmt":"2015-08-04T14:51:13","guid":{"rendered":"https:\/\/wti-gmbh.de\/privatkunden\/?page_id=21"},"modified":"2026-02-23T10:00:17","modified_gmt":"2026-02-23T09:00:17","slug":"startseite","status":"publish","type":"page","link":"https:\/\/wti-gmbh.de\/privatkunden\/","title":{"rendered":"Startseite"},"content":{"rendered":"<p>[vc_row][vc_column][vc_column_text]<\/p>\n\n\n<\/p>\n<div class=\"wp-block-nextend-smartslider3\"><\/div>\n<p>\n\n\n<p>[\/vc_column_text][\/vc_column][\/vc_row][vc_row][vc_column width=&#8220;1\/2&#8243;][vc_single_image image=&#8220;1845&#8243; img_size=&#8220;medium&#8220; title=&#8220;Reinigungsmittel f\u00fcr Privatkunden&#8220;][vc_column_text]<\/p>\n<table style=\"height: 27px\" border=\"0\" width=\"280\" rules=\"NONE\" cellspacing=\"0\"><colgroup> <col width=\"86\" \/><\/colgroup>\n<tbody>\n<tr>\n<td align=\"LEFT\" width=\"86\" height=\"17\"><span style=\"font-size: xx-small\">@ WTI Archivbild \/ Michael Bodmann Management &amp; More GmbH<\/span><\/td>\n<\/tr>\n<\/tbody>\n<\/table>\n<p>[\/vc_column_text][\/vc_column][vc_column width=&#8220;1\/2&#8243;][vc_column_text]<strong>WTI<\/strong> ist Ihr Partner f\u00fcr <strong>hochwirksame Reinigungsmittel<\/strong>. Wir beliefern seit Jahrzehnten<strong> Privatkunden<\/strong> mit unseren bew\u00e4hrten, <strong>anwenderfreundlichen<\/strong> und <strong>umweltgerechten<\/strong> Reinigungsprodukten.<\/p>\n<p>Unsere Produkte erhalten sie <strong>nicht<\/strong> im Einzelhandel, sondern nur direkt bei uns. Wir von <strong>WTI<\/strong> legen seit ca. 40 Jahren sehr viel Wert darauf, dass Ihnen das erforderliche Putzen <strong>so einfach und so angenehm wie m\u00f6glich<\/strong> gemacht wird, ohne aufwendigem Schrubben usw..<\/p>\n<p>Unsere Produkte sind <strong>Konzentrate<\/strong> sowie gezielt ausgew\u00e4hlte praktische Helfer! Sie dosieren selbst je nach <strong>Hartn\u00e4ckigkeit der Verschmutzungen oder Verkalkungen<\/strong> und haben anschlie\u00dfend das Erlebnis einer <strong>quasi porentiefen Reinigung mit hygienischer Sauberkeit<\/strong> und ohne, dass ihre Schr\u00e4nke \u00fcberquellen mit zig Produkten f\u00fcr jeden auch nur erdenklichen Reinigungsfall.<\/p>\n<p><strong>Langj\u00e4hrige und treueste Kunden<\/strong> beweisen uns t\u00e4glich, dass unsere Produkte unverzichtbare und praktische, materialschonende sowie anwendungsfreundliche Allesk\u00f6nner sind, die einfach in keinem <strong>pflegebewussten Haushalt <\/strong>fehlen d\u00fcrfen und sollten.<\/p>\n<p><strong>Denn in unserem Falle ist weniger wirklich mehr<\/strong> &#8211; aber, probieren Sie es einfach aus, wir freuen uns auf Sie.<\/p>\n<p><strong>WTI \u2013 einfach sauber, einfach gut!<\/strong>[\/vc_column_text][\/vc_column][\/vc_row]<\/p>","protected":false},"excerpt":{"rendered":"<p>[vc_row][vc_column][vc_column_text] [\/vc_column_text][\/vc_column][\/vc_row][vc_row][vc_column width=&#8220;1\/2&#8243;][vc_single_image image=&#8220;1845&#8243; img_size=&#8220;medium&#8220; title=&#8220;Reinigungsmittel f\u00fcr Privatkunden&#8220;][vc_column_text] @ WTI Archivbild \/ Michael Bodmann Management &amp; More GmbH [\/vc_column_text][\/vc_column][vc_column width=&#8220;1\/2&#8243;][vc_column_text]WTI ist Ihr Partner f\u00fcr hochwirksame Reinigungsmittel. Wir beliefern seit Jahrzehnten Privatkunden mit unseren bew\u00e4hrten, anwenderfreundlichen und umweltgerechten Reinigungsprodukten. Unsere Produkte erhalten sie nicht im Einzelhandel, sondern nur direkt bei uns. Wir von WTI legen seit [&hellip;]<\/p>\n","protected":false},"author":1,"featured_media":0,"parent":0,"menu_order":0,"comment_status":"open","ping_status":"open","template":"","meta":[],"_links":{"self":[{"href":"https:\/\/wti-gmbh.de\/privatkunden\/wp-json\/wp\/v2\/pages\/21"}],"collection":[{"href":"https:\/\/wti-gmbh.de\/privatkunden\/wp-json\/wp\/v2\/pages"}],"about":[{"href":"https:\/\/wti-gmbh.de\/privatkunden\/wp-json\/wp\/v2\/types\/page"}],"author":[{"embeddable":true,"href":"https:\/\/wti-gmbh.de\/privatkunden\/wp-json\/wp\/v2\/users\/1"}],"replies":[{"embeddable":true,"href":"https:\/\/wti-gmbh.de\/privatkunden\/wp-json\/wp\/v2\/comments?post=21"}],"version-history":[{"count":38,"href":"https:\/\/wti-gmbh.de\/privatkunden\/wp-json\/wp\/v2\/pages\/21\/revisions"}],"predecessor-version":[{"id":3138,"href":"https:\/\/wti-gmbh.de\/privatkunden\/wp-json\/wp\/v2\/pages\/21\/revisions\/3138"}],"wp:attachment":[{"href":"https:\/\/wti-gmbh.de\/privatkunden\/wp-json\/wp\/v2\/media?parent=21"}],"curies":[{"name":"wp","href":"https:\/\/api.w.org\/{rel}","templated":true}]}}