{"id":2045,"date":"2021-02-07T11:10:52","date_gmt":"2021-02-07T10:10:52","guid":{"rendered":"https:\/\/wti-gmbh.de\/privatkunden\/?page_id=2045"},"modified":"2023-01-31T11:48:31","modified_gmt":"2023-01-31T10:48:31","slug":"ueber-uns","status":"publish","type":"page","link":"https:\/\/wti-gmbh.de\/privatkunden\/ueber-uns\/","title":{"rendered":"\u00dcber uns"},"content":{"rendered":"<p>[vc_column][vc_column_text][\/vc_column_text][\/vc_column][vc_row css=&#8220;.vc_custom_1404977723215{margin-bottom: 40px !important;}&#8220;][\/vc_row][vc_column][\/vc_column]    <div class=\"shortcode container  animated\"\r\n                 animation_type=\"fadeInUp\" animation_duration=\"1\" animation_delay=\"0\"\r\n        >\r\n            <div id=\"persons-1-start\" class=\"shortcode shortcode-persons  \"\r\n        >\r\n                <h2 class=\"entry-title persons-title\">Ihre Anprechpartner<\/h2>\r\n                <div id=\"persons-1\" class=\"content-slider owl-carousel single  clearfix\">\r\n                    <\/div>\r\n        <script type=\"text\/javascript\">\r\n        \/* <![CDATA[ *\/\r\n        jQuery(document).ready(function($) {\r\n            $(\"#persons-1\").owlCarousel({\r\n                slideSpeed : 500,\r\n                pagination : false,\r\n                navigation : true,\r\n                navigationText: false,\r\n                singleItem: true,\r\n                \/\/transitionStyle : \"fade\",\r\n                autoPlay: 7000\r\n            });\r\n        })\r\n        \/* ]]> *\/\r\n        <\/script>\r\n    <\/div>\r\n        <div class=\"shortcode person content-item  \"\r\n        >\r\n        <div class=\"row\">\r\n                        <div class=\"person-photo col-sm-4\"><img class=\"img-responsive\" src=\"\/\/wti-gmbh.de\/privatkunden\/wp-content\/uploads\/sites\/2\/2015\/08\/sonja_raedler.jpg\"\/><\/div>\r\n                        <div class=\"person-content col-sm-8\">\r\n                <h3 class=\"person-name\">Sonja Allgaier<\/h3>\r\n                <div class=\"person-role\">Vertrieb<\/div>\r\n                <div class=\"entry-content\">[vc_column_text]Als gelernte Industriekauffrau kenne ich mich mittlerweile in vielen Bereichen eines Unternehmens aus, doch mein Schwerpunkt liegt eindeutig im Vertrieb, denn ich habe sehr gerne Kundenkontakt. Ich nehme jede Herausforderung unserer Kunden an und behalte auch in stressigen Situationen stets den \u00dcberblick. Ich entwickle mich gerne weiter und bin offen f\u00fcr alles Neue.<\/p>\n<p>Von unseren Produkten bin ich sehr \u00fcberzeugt. Deshalb macht es mir auch riesigen Spa\u00df, diese zu verkaufen.<\/p>\n<blockquote><p><em>Mit dem WTI-Motto <strong>\u201eeinfach sauber, einfach gut\u201c<\/strong> ist eigentlich schon alles gesagt: <strong>Einfach<\/strong> in der Anwendung, ein hervorragendes, <strong>sauberes<\/strong> Reinigungsergebnis, <strong>einfach<\/strong> ein <strong>gutes<\/strong> Putzgef\u00fchl.<\/em><\/p><\/blockquote>\n<p>Und was mich ganz besonders freut: Tagt\u00e4glich wird mir dies von unseren treuen und langj\u00e4hrigen Kunden mehrfach best\u00e4tigt.<\/p>\n<table style=\"height: 30px\" border=\"0\" width=\"280\" rules=\"NONE\" cellspacing=\"0\">\n<colgroup>\n<col width=\"86\" \/><\/colgroup>\n<tbody>\n<tr>\n<td align=\"LEFT\" width=\"86\" height=\"17\"><span style=\"font-size: xx-small\">@ Bild: tooncharakters.com<\/span><\/td>\n<\/tr>\n<\/tbody>\n<\/table>\n<p>[\/vc_column_text]<\/div>\r\n                <div class=\"clearfix\">\r\n                    <div class=\"person-social\">\r\n                                                                                                                                                                                                                                                <a class=\"email\" target=\"_blank\" href=\"mailto:s.allgaier@wti-gmbh.de\" data-toggle=\"tooltip\" title=\"E-Mail\"><span class=\"fa fa-envelope\"><\/span><\/a> \r\n                                            <\/div>\r\n                    <div class=\"person-contact\">\r\n                        <div class=\"person-email\">s.allgaier@wti-gmbh.de<\/div>                        <div class=\"person-phone\">+ (49) 0 82 81 - 50 52<\/div>                    <\/div>\r\n                <\/div>                \r\n            <\/div>\r\n        <\/div>\r\n    <\/div>\r\n\r\n        <\/div>\r\n    [vc_column][\/vc_column][vc_column_text][\/vc_column_text][vc_row css=&#8220;.vc_custom_1404977723215{margin-bottom: 40px !important;}&#8220;][\/vc_row][vc_row][\/vc_row][vc_column][\/vc_column]    <div class=\"shortcode container  animated\"\r\n                 animation_type=\"fadeInUp\" animation_duration=\"1\" animation_delay=\"0\"\r\n        >\r\n            <\/div>\r\n        <div id=\"persons-1-start\" class=\"shortcode shortcode-persons  \"\r\n        >\r\n                <h2 class=\"entry-title persons-title\">Ihre Anprechpartner<\/h2>\r\n                <div id=\"persons-1\" class=\"content-slider owl-carousel single  clearfix\">\r\n                    <\/div>\r\n        <script type=\"text\/javascript\">\r\n        \/* <![CDATA[ *\/\r\n        jQuery(document).ready(function($) {\r\n            $(\"#persons-1\").owlCarousel({\r\n                slideSpeed : 500,\r\n                pagination : false,\r\n                navigation : true,\r\n                navigationText: false,\r\n                singleItem: true,\r\n                \/\/transitionStyle : \"fade\",\r\n                autoPlay: 7000\r\n            });\r\n        })\r\n        \/* ]]> *\/\r\n        <\/script>\r\n    <\/div>\r\n        <div class=\"shortcode person content-item  \"\r\n        >\r\n        <div class=\"row\">\r\n                        <div class=\"person-photo col-sm-4\"><img class=\"img-responsive\" src=\"\/\/wti-gmbh.de\/privatkunden\/wp-content\/uploads\/sites\/2\/2015\/08\/anna3.jpg\"\/><\/div>\r\n                        <div class=\"person-content col-sm-8\">\r\n                <h3 class=\"person-name\">Anna<\/h3>\r\n                <div class=\"person-role\">Allrounderin<\/div>\r\n                <div class=\"entry-content\">[vc_column_text]<\/p>\n<p align=\"LEFT\">Fast von Anfang an bin ich bei WTI Reinigungsmittel mit dabei und als Allrounderin nicht nur f\u00fcr den Versand der Ware und die dazugeh\u00f6rigen Aufgaben zust\u00e4ndig, sondern helfe ab und zu im B\u00fcro oder am Telefon aus, wenn Not am Mann\/Frau ist.<\/p>\n<p align=\"LEFT\">Denn wir arbeiten bei WTI Reinigungsmittel als Team zusammen, und dadurch ist der Arbeitsalltag f\u00fcr jeden Einzelnen sehr abwechslungsreich.<\/p>\n<blockquote>\n<p align=\"LEFT\">Durch meine pers\u00f6nliche, langj\u00e4hrige (Lebens-) Erfahrung mit den super Produkten der Lim-Serie gebe ich meine Tipps und Tricks gerne an unsere Kunden weiter. Deshalb gibt es auch meinen Blog &#8222;Annas Putzblog&#8220;, wo Sie mehr erfahren und immer auf dem neuesten Stand sind.<\/p>\n<\/blockquote>\n<p align=\"LEFT\">Unserer Produkte sind nat\u00fcrlich nicht nur sehr umweltbewusst, sondern total unkompliziert und einfach in der Anwendung. Und, ich h\u00e4tte absolut nicht gedacht, dass ich <strong>mit den paar Produkten von WTI den einen kompletten Haushalt sauber machen kann<\/strong> und dabei sogar noch gen\u00fcgend Stauraum in meinen Putzschr\u00e4nken f\u00fcr andere sch\u00f6ne Sachen des Haushaltes frei habe.<\/p>\n<table style=\"height: 27px\" border=\"0\" width=\"281\" rules=\"NONE\" cellspacing=\"0\">\n<colgroup>\n<col width=\"86\" \/><\/colgroup>\n<tbody>\n<tr>\n<td align=\"LEFT\" width=\"86\" height=\"17\"><span style=\"font-size: xx-small\">@ WTI Archivbild \/ Michael Bodmann Management &amp; More GmbH<\/span><\/td>\n<\/tr>\n<\/tbody>\n<\/table>\n<p>[\/vc_column_text]<\/div>\r\n                <div class=\"clearfix\">\r\n                    <div class=\"person-social\">\r\n                                                                                                                                                                                                                                                <a class=\"email\" target=\"_blank\" href=\"mailto:anna@wti-gmbh.de\" data-toggle=\"tooltip\" title=\"E-Mail\"><span class=\"fa fa-envelope\"><\/span><\/a> \r\n                                            <\/div>\r\n                    <div class=\"person-contact\">\r\n                        <div class=\"person-email\">anna@wti-gmbh.de<\/div>                        <div class=\"person-phone\">+ (49) 0 82 81 - 50 52<\/div>                    <\/div>\r\n                <\/div>                \r\n            <\/div>\r\n        <\/div>\r\n    <\/div>\r\n\r\n    [vc_column_text css=&#8220;.vc_custom_1440179177488{margin-bottom: 0px !important;}&#8220;][\/vc_column_text]<\/p>\n","protected":false},"excerpt":{"rendered":"<p>[vc_column][vc_column_text][\/vc_column_text][\/vc_column][vc_row css=&#8220;.vc_custom_1404977723215{margin-bottom: 40px !important;}&#8220;][\/vc_row][vc_column][\/vc_column][vc_column][\/vc_column][vc_column_text][\/vc_column_text][vc_row css=&#8220;.vc_custom_1404977723215{margin-bottom: 40px !important;}&#8220;][\/vc_row][vc_row][\/vc_row][vc_column][\/vc_column][vc_column_text css=&#8220;.vc_custom_1440179177488{margin-bottom: 0px !important;}&#8220;][\/vc_column_text]<\/p>\n","protected":false},"author":13,"featured_media":0,"parent":0,"menu_order":0,"comment_status":"closed","ping_status":"closed","template":"","meta":[],"_links":{"self":[{"href":"https:\/\/wti-gmbh.de\/privatkunden\/wp-json\/wp\/v2\/pages\/2045"}],"collection":[{"href":"https:\/\/wti-gmbh.de\/privatkunden\/wp-json\/wp\/v2\/pages"}],"about":[{"href":"https:\/\/wti-gmbh.de\/privatkunden\/wp-json\/wp\/v2\/types\/page"}],"author":[{"embeddable":true,"href":"https:\/\/wti-gmbh.de\/privatkunden\/wp-json\/wp\/v2\/users\/13"}],"replies":[{"embeddable":true,"href":"https:\/\/wti-gmbh.de\/privatkunden\/wp-json\/wp\/v2\/comments?post=2045"}],"version-history":[{"count":23,"href":"https:\/\/wti-gmbh.de\/privatkunden\/wp-json\/wp\/v2\/pages\/2045\/revisions"}],"predecessor-version":[{"id":2517,"href":"https:\/\/wti-gmbh.de\/privatkunden\/wp-json\/wp\/v2\/pages\/2045\/revisions\/2517"}],"wp:attachment":[{"href":"https:\/\/wti-gmbh.de\/privatkunden\/wp-json\/wp\/v2\/media?parent=2045"}],"curies":[{"name":"wp","href":"https:\/\/api.w.org\/{rel}","templated":true}]}}