{"id":1868,"date":"2021-01-14T09:09:24","date_gmt":"2021-01-14T08:09:24","guid":{"rendered":"https:\/\/wti-gmbh.de\/privatkunden\/?page_id=1868"},"modified":"2025-05-13T13:27:11","modified_gmt":"2025-05-13T11:27:11","slug":"kontakt","status":"publish","type":"page","link":"https:\/\/wti-gmbh.de\/privatkunden\/kontakt\/","title":{"rendered":"Kontakt"},"content":{"rendered":"<p>[vc_row][vc_column][vc_column_text]<\/p>\n<h4 class=\"western\">Nehmen Sie Kontakt zu uns auf, entweder per Telefon, per Fax oder per Mail.<\/h4>\n<p>Michael Bodmann Management &amp; More GmbH<\/p>\n<p>WTI Reinigungsmittel<br \/>\nAn den Wiesenz\u00e4unen 22<br \/>\n88316 Isny im Allg\u00e4u<\/p>\n<p>Tel.: +49 (0) 8281 5052<\/p>\n<p>Fax: +49 (0) 8281 6051<\/p>\n<p>eMail: info@wti-gmbh.de<\/p>\n<p>\u00d6ffnungszeiten:<\/p>\n<p>Mo. &#8211; Do. 8:30 bis 17:00 Uhr<\/p>\n<p>Fr. 08:30 bis 13:00 Uhr<\/p>\n<p>Bankverbindung<\/p>\n<p>Bank: Raiffeisenbank Balzhausen<\/p>\n<p>IBAN: DE16 72069235 000 2518732<\/p>\n<p>BIC: GENODEF1THS<\/p>\n<p>Produktbilder @ WTI Archivbilder \/<\/p>\n<p>Michael Bodmann Management &amp; More GmbH<\/p>\n<p>Gr\u00fcnes Designbild: mariegold_88[\/vc_column_text][\/vc_column][\/vc_row]<\/p>\n","protected":false},"excerpt":{"rendered":"<p>[vc_row][vc_column][vc_column_text] Nehmen Sie Kontakt zu uns auf, entweder per Telefon, per Fax oder per Mail. Michael Bodmann Management &amp; More GmbH WTI Reinigungsmittel An den Wiesenz\u00e4unen 22 88316 Isny im Allg\u00e4u Tel.: +49 (0) 8281 5052 Fax: +49 (0) 8281 6051 eMail: info@wti-gmbh.de \u00d6ffnungszeiten: Mo. &#8211; Do. 8:30 bis 17:00 Uhr Fr. 08:30 bis 13:00 [&hellip;]<\/p>\n","protected":false},"author":13,"featured_media":0,"parent":0,"menu_order":0,"comment_status":"open","ping_status":"open","template":"","meta":[],"_links":{"self":[{"href":"https:\/\/wti-gmbh.de\/privatkunden\/wp-json\/wp\/v2\/pages\/1868"}],"collection":[{"href":"https:\/\/wti-gmbh.de\/privatkunden\/wp-json\/wp\/v2\/pages"}],"about":[{"href":"https:\/\/wti-gmbh.de\/privatkunden\/wp-json\/wp\/v2\/types\/page"}],"author":[{"embeddable":true,"href":"https:\/\/wti-gmbh.de\/privatkunden\/wp-json\/wp\/v2\/users\/13"}],"replies":[{"embeddable":true,"href":"https:\/\/wti-gmbh.de\/privatkunden\/wp-json\/wp\/v2\/comments?post=1868"}],"version-history":[{"count":14,"href":"https:\/\/wti-gmbh.de\/privatkunden\/wp-json\/wp\/v2\/pages\/1868\/revisions"}],"predecessor-version":[{"id":3018,"href":"https:\/\/wti-gmbh.de\/privatkunden\/wp-json\/wp\/v2\/pages\/1868\/revisions\/3018"}],"wp:attachment":[{"href":"https:\/\/wti-gmbh.de\/privatkunden\/wp-json\/wp\/v2\/media?parent=1868"}],"curies":[{"name":"wp","href":"https:\/\/api.w.org\/{rel}","templated":true}]}}