{"id":1306,"date":"2017-10-27T11:40:47","date_gmt":"2017-10-27T09:40:47","guid":{"rendered":"http:\/\/wti-gmbh.de\/privatkunden\/?page_id=1306"},"modified":"2023-01-31T10:08:01","modified_gmt":"2023-01-31T09:08:01","slug":"vermittlungs-service","status":"publish","type":"page","link":"https:\/\/wti-gmbh.de\/privatkunden\/aktionen-service\/vermittlungs-service\/","title":{"rendered":"Vermittlungs-Service"},"content":{"rendered":"<p>[vc_row][vc_column width=&#8220;1\/4&#8243;][vc_column_text]&nbsp;<\/p>\n<p style=\"text-align: left;\">[\/vc_column_text][vc_single_image image=&#8220;680&#8243; img_size=&#8220;medium&#8220;][vc_column_text]<\/p>\n<table style=\"height: 27px;\" border=\"0\" width=\"280\" frame=\"VOID\" rules=\"NONE\" cellspacing=\"0\">\n<colgroup>\n<col width=\"86\" \/><\/colgroup>\n<tbody>\n<tr>\n<td align=\"LEFT\" width=\"86\" height=\"17\"><span style=\"font-size: xx-small;\">@ WTI Archivbild \/ Michael Bodmann Management &amp; More GmbH<\/span><\/td>\n<\/tr>\n<\/tbody>\n<\/table>\n<p>[\/vc_column_text][\/vc_column][vc_column width=&#8220;3\/4&#8243;][vc_column_text]WTI hat jahrelange Erfahrung mit der Entkalkung von Heizungsanlagen, Boilern usw.. Wir beliefern seit Jahrzehnten Privatkunden mit unseren bew\u00e4hrten, anwenderfreundlichen und umweltgerechten Reinigungsprodukten.<\/p>\n<p style=\"text-align: left;\">Sie m\u00f6chten als Kunde wissen, welcher kompetente Sanit\u00e4r- und Heizungsdienstleister in Ihrer N\u00e4he professionelle Entkalkungen (z.B. Kreislaufsp\u00fclungen) mit unserem LimCalc Kalkl\u00f6ser umweltgerecht durchf\u00fchren kann?<\/p>\n<p style=\"text-align: left;\">Oder Sie sind Heizungsbauer und m\u00f6chten Kunden von uns vermittelt bekommen?<\/p>\n<p style=\"text-align: left;\"><strong>Wir bringen Sie gerne zusammen!<\/strong> Melden Sie sich einfach per Telefon, eMail, Fax oder f\u00fcllen Sie unser Kontaktformular aus. Wir freuen uns!<\/p>\n<p>[\/vc_column_text][\/vc_column][\/vc_row]<\/p>\n","protected":false},"excerpt":{"rendered":"<p>[vc_row][vc_column width=&#8220;1\/4&#8243;][vc_column_text]&nbsp; [\/vc_column_text][vc_single_image image=&#8220;680&#8243; img_size=&#8220;medium&#8220;][vc_column_text] @ WTI Archivbild \/ Michael Bodmann Management &amp; More GmbH [\/vc_column_text][\/vc_column][vc_column width=&#8220;3\/4&#8243;][vc_column_text]WTI hat jahrelange Erfahrung mit der Entkalkung von Heizungsanlagen, Boilern usw.. Wir beliefern seit Jahrzehnten Privatkunden mit unseren bew\u00e4hrten, anwenderfreundlichen und umweltgerechten Reinigungsprodukten. Sie m\u00f6chten als Kunde wissen, welcher kompetente Sanit\u00e4r- und Heizungsdienstleister in Ihrer N\u00e4he professionelle Entkalkungen (z.B. [&hellip;]<\/p>\n","protected":false},"author":13,"featured_media":0,"parent":255,"menu_order":0,"comment_status":"closed","ping_status":"closed","template":"","meta":[],"_links":{"self":[{"href":"https:\/\/wti-gmbh.de\/privatkunden\/wp-json\/wp\/v2\/pages\/1306"}],"collection":[{"href":"https:\/\/wti-gmbh.de\/privatkunden\/wp-json\/wp\/v2\/pages"}],"about":[{"href":"https:\/\/wti-gmbh.de\/privatkunden\/wp-json\/wp\/v2\/types\/page"}],"author":[{"embeddable":true,"href":"https:\/\/wti-gmbh.de\/privatkunden\/wp-json\/wp\/v2\/users\/13"}],"replies":[{"embeddable":true,"href":"https:\/\/wti-gmbh.de\/privatkunden\/wp-json\/wp\/v2\/comments?post=1306"}],"version-history":[{"count":7,"href":"https:\/\/wti-gmbh.de\/privatkunden\/wp-json\/wp\/v2\/pages\/1306\/revisions"}],"predecessor-version":[{"id":2514,"href":"https:\/\/wti-gmbh.de\/privatkunden\/wp-json\/wp\/v2\/pages\/1306\/revisions\/2514"}],"up":[{"embeddable":true,"href":"https:\/\/wti-gmbh.de\/privatkunden\/wp-json\/wp\/v2\/pages\/255"}],"wp:attachment":[{"href":"https:\/\/wti-gmbh.de\/privatkunden\/wp-json\/wp\/v2\/media?parent=1306"}],"curies":[{"name":"wp","href":"https:\/\/api.w.org\/{rel}","templated":true}]}}