{"id":2349,"date":"2015-08-03T10:37:56","date_gmt":"2015-08-03T08:37:56","guid":{"rendered":"http:\/\/wti-gmbh.de\/geschaeftskunden\/?post_type=product&#038;p=2349"},"modified":"2024-07-01T08:43:49","modified_gmt":"2024-07-01T06:43:49","slug":"limdusch-duschwand-reiniger-12-x-1-liter","status":"publish","type":"product","link":"https:\/\/wti-gmbh.de\/geschaeftskunden\/produkt\/limdusch-duschwand-reiniger-12-x-1-liter\/","title":{"rendered":"LimDusch Duschwand-Reiniger"},"content":{"rendered":"","protected":false},"excerpt":{"rendered":"<h3>Hochwirksamer Duschwand- und Sanit\u00e4r-Reiniger<\/h3>\n<p>LimDusch, der bei Ihnen seit Jahren sehr beliebte Duschwand-Reiniger, beseitigt schnell und sicher unsch\u00f6ne Kalk- und Wasserflecken von Duschw\u00e4nden, Armaturen, Fliesen usw. Das Profi-Mittel LimDusch bringt Ihr gesamtes Bad wieder auf Touren und l\u00e4sst es beinahe im Handumdrehen in neuem, spiegelnden Glanz erstrahlen. LimDusch ist absolut problem- und m\u00fchelos in der Anwendung: Einfach aufspr\u00fchen, kurz wirken lassen, absp\u00fclen und wie gewohnt nachwischen. LimDusch ist erh\u00e4ltlich als gebrauchsfertiges Konzentrat in der sparsamen 1000 ml-Flasche mit verbesserter Wirk-Formel.<\/p>\n","protected":false},"featured_media":3613,"comment_status":"open","ping_status":"closed","template":"","meta":[],"_links":{"self":[{"href":"https:\/\/wti-gmbh.de\/geschaeftskunden\/wp-json\/wp\/v2\/product\/2349"}],"collection":[{"href":"https:\/\/wti-gmbh.de\/geschaeftskunden\/wp-json\/wp\/v2\/product"}],"about":[{"href":"https:\/\/wti-gmbh.de\/geschaeftskunden\/wp-json\/wp\/v2\/types\/product"}],"replies":[{"embeddable":true,"href":"https:\/\/wti-gmbh.de\/geschaeftskunden\/wp-json\/wp\/v2\/comments?post=2349"}],"wp:featuredmedia":[{"embeddable":true,"href":"https:\/\/wti-gmbh.de\/geschaeftskunden\/wp-json\/wp\/v2\/media\/3613"}],"wp:attachment":[{"href":"https:\/\/wti-gmbh.de\/geschaeftskunden\/wp-json\/wp\/v2\/media?parent=2349"}],"curies":[{"name":"wp","href":"https:\/\/api.w.org\/{rel}","templated":true}]}}