{"id":801,"date":"2014-05-02T16:02:06","date_gmt":"2014-05-02T14:02:06","guid":{"rendered":"http:\/\/newsmartwave.net\/wordpress\/venedor\/dummy\/?page_id=801"},"modified":"2023-01-31T10:21:32","modified_gmt":"2023-01-31T09:21:32","slug":"startseite","status":"publish","type":"page","link":"https:\/\/wti-gmbh.de\/geschaeftskunden\/","title":{"rendered":"Startseite"},"content":{"rendered":"<p>[vc_row][vc_column][vc_column_text]<\/p>\n<div class=\"wp-block-nextend-smartslider3\"><\/div>\n<p>[\/vc_column_text][\/vc_column][\/vc_row][vc_row][vc_column width=&#8220;1\/2&#8243;][vc_column_text][\/vc_column_text][vc_single_image image=&#8220;3217&#8243; img_size=&#8220;medium&#8220; title=&#8220;Reinigungsmittel f\u00fcr Industrie und Gewerbe&#8220;][vc_column_text]<\/p>\n<table style=\"height: 27px;\" border=\"0\" width=\"280\" frame=\"VOID\" rules=\"NONE\" cellspacing=\"0\">\n<colgroup>\n<col width=\"86\" \/><\/colgroup>\n<tbody>\n<tr>\n<td align=\"LEFT\" width=\"86\" height=\"17\"><span style=\"font-size: xx-small;\">@ WTI Archivbild \/ Michael Bodmann Management &amp; More GmbH<\/span><\/td>\n<\/tr>\n<\/tbody>\n<\/table>\n<p>[\/vc_column_text][\/vc_column][vc_column width=&#8220;1\/2&#8243;][vc_column_text]&nbsp;<\/p>\n<p>Wir von <strong>WTI<\/strong> bieten seit \u00fcber 30 Jahren extra entwickelte Produkte f\u00fcr den professionellen Einsatz in Gewerbe und Industrie an. Diese sind effektiv und einfach in der Handhabung.<\/p>\n<p>Unsere Produkte sind <strong>Konzentrate<\/strong> sowie gezielt ausgew\u00e4hlte praktische Helfer! Sie dosieren selbst je nach <strong>Hartn\u00e4ckigkeit der Verkalkung und Verschmutzung<\/strong> und haben anschlie\u00dfend ein Ergebnis, dass Sie \u00fcberzeugen wird. Unsere umweltbewussten Produkte m\u00fcssen nicht speziell und teuer entsorgt werden und sind problemlos zu transportieren.<\/p>\n<p><strong>Langj\u00e4hrige und treueste Kunden<\/strong> beweisen uns t\u00e4glich, dass unsere Produkte unverzichtbare und praktische, materialschonende sowie anwendungsfreundliche Allesk\u00f6nner sind, die einfach <strong>in keinem Gewerbe- oder Industriebetrieb fehlen d\u00fcrfen<\/strong> und sollten.<\/p>\n<p><strong>Denn in unserem Falle ist weniger wirklich mehr<\/strong> &#8211; aber, probieren Sie es einfach aus, wir freuen uns auf Sie.[\/vc_column_text][\/vc_column][\/vc_row]<\/p>\n","protected":false},"excerpt":{"rendered":"<p>[vc_row][vc_column][vc_column_text][\/vc_column_text][\/vc_column][\/vc_row][vc_row][vc_column width=&#8220;1\/2&#8243;][vc_column_text][\/vc_column_text][vc_single_image image=&#8220;3217&#8243; img_size=&#8220;medium&#8220; title=&#8220;Reinigungsmittel f\u00fcr Industrie und Gewerbe&#8220;][vc_column_text] @ WTI Archivbild \/ Michael Bodmann Management &amp; More GmbH [\/vc_column_text][\/vc_column][vc_column width=&#8220;1\/2&#8243;][vc_column_text]&nbsp; Wir von WTI bieten seit \u00fcber 30 Jahren extra entwickelte Produkte f\u00fcr den professionellen Einsatz in Gewerbe und Industrie an. Diese sind effektiv und einfach in der Handhabung. Unsere Produkte sind Konzentrate sowie gezielt [&hellip;]<\/p>\n","protected":false},"author":1,"featured_media":0,"parent":0,"menu_order":0,"comment_status":"open","ping_status":"closed","template":"","meta":[],"_links":{"self":[{"href":"https:\/\/wti-gmbh.de\/geschaeftskunden\/wp-json\/wp\/v2\/pages\/801"}],"collection":[{"href":"https:\/\/wti-gmbh.de\/geschaeftskunden\/wp-json\/wp\/v2\/pages"}],"about":[{"href":"https:\/\/wti-gmbh.de\/geschaeftskunden\/wp-json\/wp\/v2\/types\/page"}],"author":[{"embeddable":true,"href":"https:\/\/wti-gmbh.de\/geschaeftskunden\/wp-json\/wp\/v2\/users\/1"}],"replies":[{"embeddable":true,"href":"https:\/\/wti-gmbh.de\/geschaeftskunden\/wp-json\/wp\/v2\/comments?post=801"}],"version-history":[{"count":52,"href":"https:\/\/wti-gmbh.de\/geschaeftskunden\/wp-json\/wp\/v2\/pages\/801\/revisions"}],"predecessor-version":[{"id":3573,"href":"https:\/\/wti-gmbh.de\/geschaeftskunden\/wp-json\/wp\/v2\/pages\/801\/revisions\/3573"}],"wp:attachment":[{"href":"https:\/\/wti-gmbh.de\/geschaeftskunden\/wp-json\/wp\/v2\/media?parent=801"}],"curies":[{"name":"wp","href":"https:\/\/api.w.org\/{rel}","templated":true}]}}