{"id":8,"date":"2015-07-31T14:49:37","date_gmt":"2015-07-31T12:49:37","guid":{"rendered":"https:\/\/wti-gmbh.de\/geschaeftskunden\/agb\/"},"modified":"2025-07-16T09:59:47","modified_gmt":"2025-07-16T07:59:47","slug":"agb","status":"publish","type":"page","link":"https:\/\/wti-gmbh.de\/geschaeftskunden\/agb\/","title":{"rendered":"AGB"},"content":{"rendered":"<p><strong>Allgemeine Gesch\u00e4ftsbedingungen<\/strong><\/p>\n<p><strong>Geltung<\/strong><\/p>\n<p>Die Lieferungen, Leistungen und Angebote unseres Unternehmens erfolgen ausschlie\u00dflich aufgrund dieser Gesch\u00e4ftsbedingungen; entgegenstehende oder von unseren Gesch\u00e4ftsbedingungen abweichende Bedingungen des Kunden erkennen wir nicht an, es sei denn, wir h\u00e4tten ausdr\u00fccklich ihrer Geltung zugestimmt. Vertragserf\u00fcllungsverhandlungen unsererseits gelten insofern nicht als Zustimmung zu von unseren Bedingungen abweichenden Vertragsbedingungen. Diese Gesch\u00e4ftsbedingungen gelten als Rahmenvereinbarung auch f\u00fcr alle weiteren Rechtsgesch\u00e4fte zwischen den Vertragspartnern.<\/p>\n<p><strong>Vertragsabschluss<\/strong><\/p>\n<p>Ein Vertragsangebot eines Kunden bedarf der Auftragsbest\u00e4tigung. Auch das Absenden der vom Kunden bestellten Ware bewirkt den Vertragsabschluss. Werden an uns Angebote gerichtet, so ist der Anbietende eine angemessene, mindestens jedoch 8-t\u00e4gige Frist ab Zugang des Angebotes daran gebunden.<\/p>\n<p><strong>Preis<\/strong><\/p>\n<p>Alle von uns genannten Preise sind, sofern nicht ausdr\u00fccklich vermerkt ist, exklusive Umsatzsteuer zu verstehen. Sollten sich die Lohnkosten aufgrund kollektiv vertr\u00e4glicher Regelungen in der Branche oder innerbetrieblicher Abschl\u00fcsse oder sollten sich andere, f\u00fcr Kalkulation relevanten Kostenstellen oder zur Leistungserstellung notwendige Kosten wie jene f\u00fcr Materialien, Energie, Transporte, Fremdarbeiten, Finanzierung etc. ver\u00e4ndern, so sind wir berechtigt, die Preise entsprechend zu erh\u00f6hen oder zu erm\u00e4\u00dfigen. Bei Verbrauchergesch\u00e4ften gilt Pkt. III. nicht.<\/p>\n<p><strong>Zahlungsbedingungen, Verzugszinsen<\/strong><\/p>\n<p>Mangels gegenteiliger Vereinbarung sind unsere Forderungen Zug um Zug gegen \u00dcbergabe der Ware bar zu bezahlen. Skontoabz\u00fcge bed\u00fcrfen einer gesonderten Vereinbarung. Im Falle des Zahlungsverzugs, auch mit Teilzahlungen, treten auch allf\u00e4llige Skontovereinbarungen au\u00dfer Kraft. Zahlungen des Kunden gelten erst mit dem Zeitpunkt des Einganges auf unserem Gesch\u00e4ftskonto als geleistet. Bei Zahlungsverzug des Kunden sind wir berechtigt, nach unserer Wahl den Ersatz des tats\u00e4chlich entstandenen Schadens zu begehren oder \u2013 soweit es sich nicht um ein Kreditgesch\u00e4ft mit Verbrauchern handelt \u2013 Verzugszinsen in H\u00f6he von 4% \u00fcber dem Basiszinssatz der unserer Hausbank zu verrechnen.<\/p>\n<p><strong>Vertragsr\u00fccktritt<\/strong><\/p>\n<p>Bei Annahmeverzug (Pkt. VII.) oder anderen wichtigen Gr\u00fcnden, wie insbesondere Konkurs des Kunden oder Konkursabweisung mangels Verm\u00f6gens, sowie bei Zahlungsverzug des Kunden sind wir zum R\u00fccktritt vom Vertrag berechtigt, sofern er von beiden Seiten noch nicht zur G\u00e4nze erf\u00fcllt ist. F\u00fcr den Fall des R\u00fccktrittes haben wir bei Verschulden des Kunden die Wahl, einen pauschalisierten Schadenersatz von 15% des Bruttorechnungsbetrages oder den Ersatz des tats\u00e4chlich entstandenen Schadens zu begehren. Ein Zahlungsverzug des Kunden sind wir von allen weiteren Leistungs- und Lieferungsverpflichtungen entbunden und berechtigt, noch ausstehende Lieferungen oder Leistungen zur\u00fcckzuhalten oder Vorauszahlungen bzw. Sicherstellung zu fordern oder nach Setzung einer angemessenen Nachfrist vom Vertrag zur\u00fccktreten. Tritt der Kunde \u2013 ohne dazu berechtigt zu sein \u2013 vom Vertrag zur\u00fcck oder begehrt er seine Aufhebung, so haben wir die Wahl, auf die Erf\u00fcllung des Vertrages zu bestehen oder der Aufhebung des Vertrages zuzustimmen; im letzteren Fall ist der Kunde verpflichtet, nach unserer Wahl einen pauschalisierten Schadenersatz von 15% des Bruttorechnungsbetrages oder den Ersatz des tats\u00e4chlich entstandenen Schadens zu begehren. Bei Vertragsabschl\u00fcssen im Fernabsatz (\u00a7\u00a7 5a II Konsumentenschutzgesetz) kann der Verbraucher vom Vertrag innerhalb von 7 Werktagen zur\u00fccktreten, wobei Samstage nicht als Werktage z\u00e4hlen. Die Frist beginnt mit dem Tag des Einlagerns der Ware beim Verbraucher bzw. bei Dienstleistungen mit dem Tag des Vertragsabschlusses. Es gen\u00fcgt, die R\u00fccktrittserkl\u00e4rung innerhalb dieser Frist abzusenden. Tritt der Verbraucher gem\u00e4\u00df dieser Bestimmung vom Vertrag zur\u00fcck, hat er die Kosten der R\u00fccksendung der Ware zu tragen; wurde f\u00fcr den Vertrag ein Kredit abgeschlossen, so hat er \u00fcberdies die Kosten einer erforderlichen Beglaubigung von Unterschriften sowie die Abgaben (Geb\u00fchren) f\u00fcr die Kreditgew\u00e4hrung zu tragen. Bei Dienstleistungen, mit deren Ausf\u00fchrung vereinbarungsgem\u00e4\u00df innerhalb von 7 Werktagen ab Vertragsabschluss begonnen wird, ist ein R\u00fccktritt nicht m\u00f6glich.<\/p>\n<p><strong>Mahn- und Inkassospesen<\/strong><\/p>\n<p>Der Vertragspartner (Kunde) verpflichtet sich f\u00fcr den Fall des Verzuges, die dem Gl\u00e4ubiger entstehenden Mahn- und Inkassospesen, soweit sie zur zweckentsprechenden Rechtsverfolgung notwendig sind, zu ersetzen; wobei er sich im speziellen verpflichtet, maximal die Verg\u00fctungen des eingeschalteten Inkassoinstitutes zu ersetzen, die sich aus der VO des BmwA \u00fcber die H\u00f6chsts\u00e4tze der Inkassoinstituten geb\u00fchrenden Verg\u00fctungen ergeben. Sofern der Gl\u00e4ubiger das Mahnwesen selbst betreibt, verpflichtet sich der Schuldner, per erfolgter Mahnung einen Betrag von \u20ac 10,90 sowie f\u00fcr die Evidenzhaltung des Schuldverh\u00e4ltnisses im Mahnwesen pro Halbjahr einen Betrag von \u20ac 3,63 zu bezahlen.<\/p>\n<p><strong>Lieferung, Transport, Annahmeverzug<\/strong><\/p>\n<p>Unsere Verkaufspreise beinhalten keine Kosten f\u00fcr Zustellung, Montage oder Aufstellung. Auf Wunsch werden jedoch diese Leistungen gegen gesonderte Bezahlung von uns erbracht bzw. organisiert. Dabei werden f\u00fcr Transport bzw. Zustellung die tats\u00e4chlich aufgewendeten Kosten samt einem angemessenen Regiekostenaufschlag, mindestens jedoch die am Auslieferungstag geltenden oder \u00fcblichen Fracht- und Fuhrl\u00f6hne der gew\u00e4hlten Transportart in Rechnung gestellt. Montagearbeiten werden nach Zeitaufwand berechnet, wobei auch branchen\u00fcblicher Mannstundensatz als vereinbart gilt. Hat der Kunde die Ware nicht wie vereinbart \u00fcbernommen (Annahmeverzug), sind wir nach erfolgloser Nachfristsetzung berechtigt, die Ware entweder bei uns einzulagern, wof\u00fcr wir eine Lagergeb\u00fchr von 0,1% des Bruttorechnungsbetrages pro angefangenem Kalendertag in Rechnung stellen, oder auf Kosten und Gefahr des Kunden bei einem dazu befugten Gewerbemanne einzulagern. Gleichzeitig sind wir berechtigt, entweder auf Vertragserf\u00fcllung zu bestehen, oder nach Setzung einer angemessenen, mindestens 2 Wochen umfassenden Nachfrist vom Vertrag zur\u00fcckzutreten und die Ware anderweitig zu verwerten.<\/p>\n<p><b>Lieferung in ein Nicht-EU-Ausland<\/b><\/p>\n<p>Sofern die Lieferung in ein Nicht-EU-Ausland erfolgt, k\u00f6nnen weitere Z\u00f6lle, Steuern oder Geb\u00fchren vom Kunden zu zahlen sein, jedoch nicht an den Anbieter, sondern an die dort zust\u00e4ndigen Zoll- bzw. Steuerbeh\u00f6rden. Dem Kunden wird empfohlen, die Einzelheiten vor der Bestellung bei den Zoll- bzw. Steuerbeh\u00f6rden zu erfragen.<\/p>\n<p><strong>Lieferfrist<\/strong><\/p>\n<p>Zur Leistungsausf\u00fchrung sind wir erst dann verpflichtet, sobald der Kunde all seinen Verpflichtungen, die zur Ausf\u00fchrung erforderlich sind, nachgekommen ist, insbesondere alle technischen und vertraglichen Einzelheiten, Vorarbeiten und Vorbereitungsma\u00dfnahmen erf\u00fcllt hat. Wir sind berechtigt, die vereinbarten Termine und Lieferfristen um bis zu einer Woche zu \u00fcberschreiten. Erst nach Ablauf dieser Frist kann der Kunde nach Setzung einer angemessenen Nachfrist vom Vertrag zur\u00fccktreten.<\/p>\n<p><strong>Erf\u00fcllungsort<\/strong><\/p>\n<p>Erf\u00fcllungsort ist Ulm.<\/p>\n<p><strong>Geringf\u00fcgige Leistungs\u00e4nderungen<\/strong><\/p>\n<p>Handelt es sich nicht um ein Verbrauchergesch\u00e4ft, gelten geringf\u00fcgige oder sonstige f\u00fcr unsere Kunden zumutbare \u00c4nderungen unserer Leistungs- bzw. Lieferverpflichtung vorweg als genehmigt. Dies gilt insbesondere f\u00fcr die Sache bedingte Abweichungen (z.B. Ma\u00dfen, Farben, etc.)<\/p>\n<p><strong>Gew\u00e4hrleistung, Untersuchungs- und R\u00fcckgabepflicht<\/strong><\/p>\n<p>Gew\u00e4hrleistungsanspr\u00fcche des Kunden erf\u00fcllen wir in allen F\u00e4llen nach unser Wahl entweder durch Austausch, Reparatur innerhalb angemessener Frist oder Preisminderung.<\/p>\n<p>Wandlung (Vertragsaufhebung) kann der Kunde nur begehren, wenn der Mangel wesentlich ist, nicht durch Austausch oder Reparatur behebbar ist und Preisminderung f\u00fcr den Kunden nicht zumutbar ist. Schadenersatzanspr\u00fcche des Kunden, die auf Behebung des Mangels durch Verbesserung oder Austausch zielen, k\u00f6nnen erst geltend gemacht werden, wenn wir mit der Erf\u00fcllung der Gew\u00e4hrleistungsanspr\u00fcche in Verzug geraten sind. Gew\u00e4hrleistungsanspr\u00fcche m\u00fcssen, wenn es bewegliche Sachen betrifft, binnen eines Jahres ab Ablieferung der Sache gerichtlich geltend gemacht werden.<\/p>\n<p>Wird vom Kunden das Vorliegen eines Mangels behauptet, k\u00f6nnen daraus resultierende Anspr\u00fcche, insbesondere wegen Gew\u00e4hrleistung oder Schadenersatz, nur geltend gemacht werden, wenn der Kunde beweist, dass der Mangel bereits im Zeitpunkt der Ablieferung der Ware vorhanden war; dies gilt auch innerhalb der ersten sechs Monate nach Ablieferung der Ware.<\/p>\n<p>Der Kunde hat im Sinne der \u00a7377f HGB \u00fcberdies die Ware nach der Ablieferung unverz\u00fcglich, l\u00e4ngstens aber binnen 6 Werktagen zu untersuchen. Dabei festgestellte M\u00e4ngel sind uns unverz\u00fcglich, l\u00e4ngstens aber binnen 3 Werktagen nach ihrer Entdeckung, unter Bekanntgabe von Art und Umfang des Mangels in Textform bekannt zu geben. Verdeckte M\u00e4ngel sind unverz\u00fcglich, l\u00e4ngstens aber binnen 3 Werktagen nach Ihrer Entdeckung in Textform zu r\u00fcgen. Wird eine M\u00e4ngelr\u00fcge nicht oder nicht rechtzeitig erhoben, so gilt die Ware als genehmigt.<\/p>\n<p>Unsere Verpflichtung zur Gew\u00e4hrleistung erlischt in jedem Fall mit Ablauf der Gew\u00e4hrleistungsfrist; ein dar\u00fcber hinaus gehender besonderer R\u00fcckgriff des Kunden gem\u00e4\u00df \u00a7 933b ABGB wegen selbst erf\u00fcllter Gew\u00e4hrleistungspflichten wird ausgeschlossen.<\/p>\n<p>S\u00e4mtliche Bestimmungen des Punktes XI. Gelten bei Verbrauchergesch\u00e4ften nicht.<\/p>\n<p><strong>Schadenersatz<\/strong><\/p>\n<p>S\u00e4mtliche Schadenersatzanspr\u00fcche sind in allen F\u00e4llen leichter Fahrl\u00e4ssigkeit ausgeschlossen, Dies gilt nicht f\u00fcr Personensch\u00e4den bzw. Verbrauchergesch\u00e4ften f\u00fcr Sch\u00e4den an zur Bearbeitung \u00fcbernommenen Sachen. Das Vorliegen von leichter bzw. grober Fahrl\u00e4ssigkeit hat, sofern es sich nicht um ein Verbrauchergesch\u00e4ft handelt, der Gesch\u00e4digte zu beweisen. Bei Anwendungsfehler k\u00f6nnen keine Schadensanspr\u00fcche geltend gemacht werden. Die Produkte sind so anzuwenden, wie es auf den jeweiligen Produktetiketten beschrieben ist. Handelt es sich nicht um ein Verbrauchergesch\u00e4ft, so betr\u00e4gt die Verj\u00e4hrungsfrist von Schadenersatzanspr\u00fcchen drei Jahre ab Gefahren\u00fcbergang. Die in diesen Gesch\u00e4ftsbedingungen enthaltenen oder sonst vereinbaren Bestimmungen \u00fcber Schadenersatz gelten auch dann, wenn der Schadenersatzanspruch neben oder anstelle eine Gew\u00e4hrleistungsanspruches geltend gemacht wird.<\/p>\n<p><strong>Produkthaftung<\/strong><\/p>\n<p>Regressforderungen im Sinne \u00a7 12 Produkthaftungsgesetzes sind ausgeschlossen, es sei denn, der Regressberechtigte weist nach, dass der Fehler in unserer Sph\u00e4re verursacht und zumindest grob fahrl\u00e4ssig verschuldet worden ist.<\/p>\n<p><strong>Eigentumsvorbehalt und dessen Geltendmachung<\/strong><\/p>\n<p>Alle Ware werden von uns unter Eigentumsvorbehalt geliefert und bleiben bis zur vollst\u00e4ndigen Bezahlung unser Eigentum. In der Geltendmachung des Eigentumsvorbehalts liegt nur dann ein R\u00fccktritt vom Vertrag, wenn dieser ausdr\u00fccklich erkl\u00e4rt wird. Bei Warenr\u00fccknahme sind wir berechtigt, angefallene Transport- und Manipulationsspesen zu verrechnen. Bei Zugriffen Dritter auf die Vorbehaltsware \u2013 insbesondere durch Pf\u00e4ndungen \u2013 verpflichtet sich der Kunde, auf unser Eigentum hinzuweisen und uns unverz\u00fcglich zu benachrichtigen. Ist der Kunde Verbraucher oder kein Unternehmer, zu dessen ordentlichen Gesch\u00e4ftsbetrieb der Handel mit den von uns erworbenen Waren geh\u00f6rt, darf er bis zur vollst\u00e4ndigen Begleichung der offenen Kaufpreisforderung \u00fcber die Vorbehaltsware verf\u00fcgen, sie insbesondere nicht verkaufen, verpf\u00e4nden, verschenken oder verleihen. Der Kunde tr\u00e4gt das volle Risiko f\u00fcr die Vorbehaltsware, insbesondere f\u00fcr die Gefahr des Unterganges, des Verlustes oder der Verschlechterung.<\/p>\n<p><strong>Forderungsabtretungen<\/strong><\/p>\n<p>Bei Lieferung unter Eigentumsvorbehalt tritt der Kunde uns schon jetzt seine Forderungen gegen\u00fcber Dritten, soweit diese durch Ver\u00e4u\u00dferungen oder Verarbeitung unserer Waren entstehen, bis zur endg\u00fcltigen Bezahlung unserer Forderungen zahlungshalber ab. Der Kunde hat uns auf Verlangen seine Arbeitnehmer zu benennen und diese rechtzeitig von der Zession zu verst\u00e4ndigen. Die Zession ist in den Gesch\u00e4ftsb\u00fcchern, insbesondere in der offenen Posten \u2013 Liste einzutragen und auf Lieferscheinen, Fakturen etc. dem Abnehmer ersichtlich zu machen. Ist der Kunde mit seinen Zahlungen uns gegen\u00fcber im Verzug, so sind die bei ihm eingehenden Verkaufserl\u00f6se abzusondern und hat der Kunde diese nur in unserem Namen inne. Allf\u00e4llige Anspr\u00fcche gegen einen Versicherer sind in den Grenzen des \u00a7 15 Versicherungsvertragsgesetz bereits jetzt an uns abgetreten. Forderungen gegen uns d\u00fcrfen ohne unsere ausdr\u00fcckliche Zustimmung nicht abgetreten werden.<\/p>\n<p><strong>Zur\u00fcckbehaltung<\/strong><\/p>\n<p>Handelt es sich nicht um ein Verbrauchergesch\u00e4ft, so ist der Kunde bei Reklamation au\u00dfer in den F\u00e4llen der R\u00fcckabwicklung nicht zur Zur\u00fcckhaltung des gesamten, sondern nur eines angemessenen Teiles des Bruttorechnungsbetrages berechtigt.<\/p>\n<p><strong>Beschwerdemanagement und Streitbeilegung<\/strong><\/p>\n<p>(Die Informationspflicht aus dem deutschen Verbraucherstreitbeteiligungsgesetz muss nur erf\u00fcllt werden, wenn wir uns freiwillig an einem Streitbeteiligungsverfahren beteiligen oder mehr als 10 Personen besch\u00e4ftigen.)<\/p>\n<p>Bei Fragen bez\u00fcglich der Lieferung der Ware (z.B. Zeitpunkt, Verf\u00fcgbarkeit, Zahlungseingang usw.) besteht die M\u00f6glichkeit sich an den Verk\u00e4ufer (Michael Bodmann Management &amp; More GmbH) zu wenden:<\/p>\n<p>Tel.: 08281 5052<\/p>\n<p>Fax: 08281 6051<\/p>\n<p>E-Mail: info@wti-gmbh.de<\/p>\n<p><strong>Rechtswahl, Gerichtsstand<\/strong><\/p>\n<p>Es gilt Deutsches Recht. Die Anwendbarkeit des UN-Kaufrechtes wird ausdr\u00fccklich ausgeschlossen. Die Vertragssprache ist Deutsch. Die Vertragsparteien vereinbaren deutsche, inl\u00e4ndische Gerichtsbarkeit. Handels es sich nicht um ein Verbrauchergesch\u00e4ft, ist zur Entscheidung aller aus diesem Vertrag entstehenden Streitigkeiten das am Sitz unseres Unternehmens sachlich zust\u00e4ndige Gericht ausschlie\u00dflich \u00f6rtlich zust\u00e4ndig.<\/p>\n<p>Bei Rechtsgesch\u00e4ften zwischen Kaufleuten gilt das HGB.<\/p>\n<p>Druckfehler, Irrt\u00fcmer und Zwischenverkauf vorbehalten.<\/p>\n<p>Markennamen sind eingetragene Markenzeichen der jeweiligen Hersteller.<\/p>\n<p>Michael Bodmann Management &amp; More GmbH<\/p>\n<p>Abt. WTI Reinigungsmittel<\/p>\n<p>An den Wiesenz\u00e4unen 22<\/p>\n<p>88316 Isny im Allg\u00e4u<\/p>\n<h5>Streitbeilegung:<\/h5>\n<p>Wir sind nicht bereit oder verpflichtet, an Streitbeteiligungsverfahren vor einer Verbraucherschlichtungsstelle teilzunehmen.<\/p>\n","protected":false},"excerpt":{"rendered":"<p>Allgemeine Gesch\u00e4ftsbedingungen Geltung Die Lieferungen, Leistungen und Angebote unseres Unternehmens erfolgen ausschlie\u00dflich aufgrund dieser Gesch\u00e4ftsbedingungen; entgegenstehende oder von unseren Gesch\u00e4ftsbedingungen abweichende Bedingungen des Kunden erkennen wir nicht an, es sei denn, wir h\u00e4tten ausdr\u00fccklich ihrer Geltung zugestimmt. Vertragserf\u00fcllungsverhandlungen unsererseits gelten insofern nicht als Zustimmung zu von unseren Bedingungen abweichenden Vertragsbedingungen. Diese Gesch\u00e4ftsbedingungen gelten als Rahmenvereinbarung [&hellip;]<\/p>\n","protected":false},"author":1,"featured_media":0,"parent":0,"menu_order":0,"comment_status":"closed","ping_status":"open","template":"","meta":[],"_links":{"self":[{"href":"https:\/\/wti-gmbh.de\/geschaeftskunden\/wp-json\/wp\/v2\/pages\/8"}],"collection":[{"href":"https:\/\/wti-gmbh.de\/geschaeftskunden\/wp-json\/wp\/v2\/pages"}],"about":[{"href":"https:\/\/wti-gmbh.de\/geschaeftskunden\/wp-json\/wp\/v2\/types\/page"}],"author":[{"embeddable":true,"href":"https:\/\/wti-gmbh.de\/geschaeftskunden\/wp-json\/wp\/v2\/users\/1"}],"replies":[{"embeddable":true,"href":"https:\/\/wti-gmbh.de\/geschaeftskunden\/wp-json\/wp\/v2\/comments?post=8"}],"version-history":[{"count":15,"href":"https:\/\/wti-gmbh.de\/geschaeftskunden\/wp-json\/wp\/v2\/pages\/8\/revisions"}],"predecessor-version":[{"id":3760,"href":"https:\/\/wti-gmbh.de\/geschaeftskunden\/wp-json\/wp\/v2\/pages\/8\/revisions\/3760"}],"wp:attachment":[{"href":"https:\/\/wti-gmbh.de\/geschaeftskunden\/wp-json\/wp\/v2\/media?parent=8"}],"curies":[{"name":"wp","href":"https:\/\/api.w.org\/{rel}","templated":true}]}}