{"id":3010,"date":"2018-01-04T18:05:03","date_gmt":"2018-01-04T17:05:03","guid":{"rendered":"http:\/\/wti-gmbh.de\/geschaeftskunden\/?page_id=3010"},"modified":"2026-01-19T21:09:51","modified_gmt":"2026-01-19T20:09:51","slug":"limalg-algen-und-moosbeseitiger","status":"publish","type":"page","link":"https:\/\/wti-gmbh.de\/geschaeftskunden\/produkte\/limalg-algen-und-moosbeseitiger\/","title":{"rendered":"LimAlg Algen- und Moosbeseitiger"},"content":{"rendered":"<p>[vc_row][vc_column width=&#8220;1\/4&#8243;][vc_single_image image=&#8220;3213&#8243; img_size=&#8220;medium&#8220;][row][column lg=&#8220;4&#8243; md=&#8220;4&#8243; sm=&#8220;4&#8243;][vc_single_image image=&#8220;3213&#8243; img_size=&#8220;full&#8220; style=&#8220;vc_box_rounded&#8220;][\/column][column lg=&#8220;8&#8243; md=&#8220;8&#8243; sm=&#8220;8&#8243;][vc_column_text]<\/p>\n<h3>LimAlg &#8211; Der Haus- und Garten-Spezialist<\/h3>\n<h4>Beseitigt unliebsame Begleiter.<\/h4>\n<ul>\n<li>100 % Fl\u00fcssigkonzentrat<\/li>\n<li>Moos und Algen<\/li>\n<li>Schimmel<\/li>\n<li>Flechten<\/li>\n<li>Bakterien<\/li>\n<\/ul>\n<p>[\/vc_column_text][vc_column_text]<\/p>\n<h3>Nat\u00fcrlicher Algen- und Moosbeseitiger<\/h3>\n<p>LimAlg bringt Ihnen Ihre\u00a0<strong>gepflegte Terrasse<\/strong>\u00a0wieder zur\u00fcck. Die gewissenhaft ausgew\u00e4hlten Inhaltsstoffe von LimAlg (ohne S\u00e4uren und Chloride) wirken von ganz alleine und Sie k\u00f6nnen danach das l\u00e4stige Moos in den Fugen Ihrer Terrasse, an Ihren W\u00e4nden &#8230; leicht entfernen. LimAlg wirkt ebenso hervorragend gegen Schimmel an W\u00e4nden und beseitigt diesen dauerhaft. LimAlg ist erh\u00e4ltlich als Fl\u00fcssig-Konzentrat (deshalb immer mit Wasser verd\u00fcnnen) in der sparsamen 1000 ml-Flasche mit bew\u00e4hrten, umweltfreundlichen Wirkstoffen.[\/vc_column_text][vc_button title=&#8220;im Online Shop kaufen&#8220; color=&#8220;btn-warning&#8220; size=&#8220;btn-large&#8220; href=&#8220;https:\/\/wti-gmbh.de\/geschaeftskunden\/produkt\/limalg-algen-und-moosbeseitiger-1000ml\/&#8220;][\/column][\/row][\/vc_column][vc_column width=&#8220;3\/4&#8243;][vc_column_text]<\/p>\n<h3>LimAlg \u2013 Der Haus- und Garten-Spezialist<\/h3>\n<h4>Beseitigt unliebsame Begleiter.<\/h4>\n<ul>\n<li>100 % Fl\u00fcssigkonzentrat<\/li>\n<li>Moos und Algen<\/li>\n<li>Schimmel<\/li>\n<li>Flechten<\/li>\n<li>Bakterien<\/li>\n<\/ul>\n<h3>Nat\u00fcrlicher Algen- und Moosbeseitiger<\/h3>\n<p>LimAlg bringt Ihnen Ihre\u00a0<strong>gepflegte Terrasse<\/strong>\u00a0wieder zur\u00fcck. Die gewissenhaft ausgew\u00e4hlten Inhaltsstoffe von LimAlg (ohne S\u00e4uren und Chloride) wirken von ganz alleine und Sie k\u00f6nnen danach das l\u00e4stige Moos in den Fugen Ihrer Terrasse, an Ihren W\u00e4nden \u2026 leicht entfernen. LimAlg wirkt ebenso hervorragend gegen Schimmel an W\u00e4nden und beseitigt diesen dauerhaft. LimAlg ist erh\u00e4ltlich als Fl\u00fcssig-Konzentrat (deshalb immer mit Wasser verd\u00fcnnen) in der sparsamen 1000 ml-Flasche mit bew\u00e4hrten, umweltfreundlichen Wirkstoffen.<\/p>\n<table style=\"height: 28px\" border=\"0\" width=\"280\" rules=\"NONE\" cellspacing=\"0\">\n<colgroup>\n<col width=\"86\" \/><\/colgroup>\n<tbody>\n<tr>\n<td align=\"LEFT\" width=\"86\" height=\"17\"><span style=\"font-size: xx-small\">@ WTI Archivbild \/ Michael Bodmann Management &amp; More GmbH<\/span><\/td>\n<\/tr>\n<\/tbody>\n<\/table>\n<p><a href=\"https:\/\/wti-gmbh.de\/geschaeftskunden\/produkt\/limalg-algen-und-moosbeseitiger\/\">im Online-Shop kaufen<\/a>[\/vc_column_text][\/vc_column][\/vc_row][vc_row][vc_column]    <div class=\"shortcode container  \"\r\n        >\r\n        [vc_column_text]<\/p>\n<h3>Anwendung<\/h3>\n<div id=\"idTextPanel\" class=\"jqDnR\">\n<p><strong>LimAlg ist ein Fl\u00fcssigkonzentrat und wird immer mit Wasser verd\u00fcnnt angewendet und gleichm\u00e4\u00dfig aufgetragen. Am Besten eignet sich hierf\u00fcr eine handels\u00fcbliche Pump-Spr\u00fchflasche.<\/strong><\/p>\n<p><strong>Anwendungsbereiche, Verd\u00fcnnung:<\/strong><\/p>\n<ul>\n<li>Algen, Schimmel auf Fl\u00e4chen jeglicher Art &#8211; 1:5<\/li>\n<li>zur Algenvorbeugung auf Fl\u00e4chen &#8211; 1:10<\/li>\n<li>zur Moosentfernung bei Zierrasen &#8211; 1:20<\/li>\n<li>Algen, Bakterien in Gew\u00e4ssern &#8211; 1:20.000<\/li>\n<\/ul>\n<p>&nbsp;<\/p>\n<p><strong>Verf\u00fcgbare Gr\u00f6\u00dfen<\/strong><\/p>\n<\/div>\n<div id=\"idTextPanel\" class=\"jqDnR\">\n<p>1000ml Flasche<\/p>\n<\/div>\n<p>[\/vc_column_text]    <\/div>\r\n    [\/vc_column][\/vc_row]<\/p>\n","protected":false},"excerpt":{"rendered":"<p>[vc_row][vc_column width=&#8220;1\/4&#8243;][vc_single_image image=&#8220;3213&#8243; img_size=&#8220;medium&#8220;][row][column lg=&#8220;4&#8243; md=&#8220;4&#8243; sm=&#8220;4&#8243;][vc_single_image image=&#8220;3213&#8243; img_size=&#8220;full&#8220; style=&#8220;vc_box_rounded&#8220;][\/column][column lg=&#8220;8&#8243; md=&#8220;8&#8243; sm=&#8220;8&#8243;][vc_column_text] LimAlg &#8211; Der Haus- und Garten-Spezialist Beseitigt unliebsame Begleiter. 100 % Fl\u00fcssigkonzentrat Moos und Algen Schimmel Flechten Bakterien [\/vc_column_text][vc_column_text] Nat\u00fcrlicher Algen- und Moosbeseitiger LimAlg bringt Ihnen Ihre\u00a0gepflegte Terrasse\u00a0wieder zur\u00fcck. Die gewissenhaft ausgew\u00e4hlten Inhaltsstoffe von LimAlg (ohne S\u00e4uren und Chloride) wirken von ganz [&hellip;]<\/p>\n","protected":false},"author":13,"featured_media":0,"parent":2418,"menu_order":6,"comment_status":"closed","ping_status":"closed","template":"","meta":[],"_links":{"self":[{"href":"https:\/\/wti-gmbh.de\/geschaeftskunden\/wp-json\/wp\/v2\/pages\/3010"}],"collection":[{"href":"https:\/\/wti-gmbh.de\/geschaeftskunden\/wp-json\/wp\/v2\/pages"}],"about":[{"href":"https:\/\/wti-gmbh.de\/geschaeftskunden\/wp-json\/wp\/v2\/types\/page"}],"author":[{"embeddable":true,"href":"https:\/\/wti-gmbh.de\/geschaeftskunden\/wp-json\/wp\/v2\/users\/13"}],"replies":[{"embeddable":true,"href":"https:\/\/wti-gmbh.de\/geschaeftskunden\/wp-json\/wp\/v2\/comments?post=3010"}],"version-history":[{"count":15,"href":"https:\/\/wti-gmbh.de\/geschaeftskunden\/wp-json\/wp\/v2\/pages\/3010\/revisions"}],"predecessor-version":[{"id":3786,"href":"https:\/\/wti-gmbh.de\/geschaeftskunden\/wp-json\/wp\/v2\/pages\/3010\/revisions\/3786"}],"up":[{"embeddable":true,"href":"https:\/\/wti-gmbh.de\/geschaeftskunden\/wp-json\/wp\/v2\/pages\/2418"}],"wp:attachment":[{"href":"https:\/\/wti-gmbh.de\/geschaeftskunden\/wp-json\/wp\/v2\/media?parent=3010"}],"curies":[{"name":"wp","href":"https:\/\/api.w.org\/{rel}","templated":true}]}}