{"id":2680,"date":"2015-09-03T15:11:17","date_gmt":"2015-09-03T13:11:17","guid":{"rendered":"http:\/\/wti-gmbh.de\/geschaeftskunden\/?page_id=2680"},"modified":"2023-01-31T11:04:25","modified_gmt":"2023-01-31T10:04:25","slug":"gartenbau-neukundenangebot","status":"publish","type":"page","link":"https:\/\/wti-gmbh.de\/geschaeftskunden\/gartenbau-neukundenangebot\/","title":{"rendered":"Neukundenangebot"},"content":{"rendered":"<p>[vc_row][vc_column width=&#8220;2\/3&#8243;][vc_single_image image=&#8220;2837&#8243; img_size=&#8220;large&#8220;][vc_column_text][\/vc_column_text][vc_column_text]<\/p>\n<table style=\"height: 8px;\" border=\"0\" width=\"423\" frame=\"VOID\" rules=\"NONE\" cellspacing=\"0\">\n<colgroup>\n<col width=\"86\" \/><\/colgroup>\n<tbody>\n<tr>\n<td align=\"LEFT\" width=\"86\" height=\"17\"><span style=\"font-size: xx-small;\">@ Kekyalyaynen \/ stock.adobe.com @ WTI Archivbild \/ Michael Bodmann Management &amp; More GmbH<\/span><\/td>\n<\/tr>\n<\/tbody>\n<\/table>\n<p>[\/vc_column_text][\/vc_column][vc_column width=&#8220;1\/3&#8243;][vc_column_text]<\/p>\n<h2>LimCalc Gartenbau &#8211; Neukundenangebot<\/h2>\n<p><strong>Testen Sie uns und sparen Sie \u00fcber 10 %<\/strong><\/p>\n<p>LimCalc Gartenbau ist ein hochwirksamer Kalk- und Rostl\u00f6ser als 100%-Pulverkonzentrat zur professionellen Entkalkung, Kalkreinigung (Kreislaufsp\u00fclung) sowie Rostentfernung von\/in Schl\u00e4uchen, Ger\u00e4ten und Maschinen im Gartenbau.<\/p>\n<ul>\n<li>auf Basis wasserfreier DAB-Zitronens\u00e4ure und Harnstoffphosphat sowie einem Spezial-Aktivator<\/li>\n<li>greift Materialien (Schl\u00e4uche, Pumpenteile und -r\u00e4der, Metallgeh\u00e4use, Kunststoffdichtungen etc.) nicht an<\/li>\n<li>Anwendung mit hei\u00dfem Wasser beschleunigt den Entkalkungsvorgang erheblich<\/li>\n<li>erf\u00fcllt die Anforderungen des Umweltbundesamtes (UBA27720014)<\/li>\n<\/ul>\n<p>Der Gutscheincode kann an der Kasse vor dem Zahlen eingel\u00f6st werden.<\/p>\n<p><a href=\"https:\/\/wti-gmbh.de\/geschaeftskunden\/produkte\/limcalc-gartenbau\/\">Hier zum Angebot<\/a>[\/vc_column_text][\/vc_column][\/vc_row]<\/p>\n","protected":false},"excerpt":{"rendered":"<p>[vc_row][vc_column width=&#8220;2\/3&#8243;][vc_single_image image=&#8220;2837&#8243; img_size=&#8220;large&#8220;][vc_column_text][\/vc_column_text][vc_column_text] @ Kekyalyaynen \/ stock.adobe.com @ WTI Archivbild \/ Michael Bodmann Management &amp; More GmbH [\/vc_column_text][\/vc_column][vc_column width=&#8220;1\/3&#8243;][vc_column_text] LimCalc Gartenbau &#8211; Neukundenangebot Testen Sie uns und sparen Sie \u00fcber 10 % LimCalc Gartenbau ist ein hochwirksamer Kalk- und Rostl\u00f6ser als 100%-Pulverkonzentrat zur professionellen Entkalkung, Kalkreinigung (Kreislaufsp\u00fclung) sowie Rostentfernung von\/in Schl\u00e4uchen, Ger\u00e4ten und Maschinen [&hellip;]<\/p>\n","protected":false},"author":1,"featured_media":0,"parent":0,"menu_order":0,"comment_status":"closed","ping_status":"closed","template":"","meta":[],"_links":{"self":[{"href":"https:\/\/wti-gmbh.de\/geschaeftskunden\/wp-json\/wp\/v2\/pages\/2680"}],"collection":[{"href":"https:\/\/wti-gmbh.de\/geschaeftskunden\/wp-json\/wp\/v2\/pages"}],"about":[{"href":"https:\/\/wti-gmbh.de\/geschaeftskunden\/wp-json\/wp\/v2\/types\/page"}],"author":[{"embeddable":true,"href":"https:\/\/wti-gmbh.de\/geschaeftskunden\/wp-json\/wp\/v2\/users\/1"}],"replies":[{"embeddable":true,"href":"https:\/\/wti-gmbh.de\/geschaeftskunden\/wp-json\/wp\/v2\/comments?post=2680"}],"version-history":[{"count":31,"href":"https:\/\/wti-gmbh.de\/geschaeftskunden\/wp-json\/wp\/v2\/pages\/2680\/revisions"}],"predecessor-version":[{"id":3590,"href":"https:\/\/wti-gmbh.de\/geschaeftskunden\/wp-json\/wp\/v2\/pages\/2680\/revisions\/3590"}],"wp:attachment":[{"href":"https:\/\/wti-gmbh.de\/geschaeftskunden\/wp-json\/wp\/v2\/media?parent=2680"}],"curies":[{"name":"wp","href":"https:\/\/api.w.org\/{rel}","templated":true}]}}