{"id":2457,"date":"2015-08-03T17:41:49","date_gmt":"2015-08-03T15:41:49","guid":{"rendered":"http:\/\/wti-gmbh.de\/geschaeftskunden\/?page_id=2457"},"modified":"2023-01-31T10:41:51","modified_gmt":"2023-01-31T09:41:51","slug":"limclean-wc-bad-reiniger","status":"publish","type":"page","link":"https:\/\/wti-gmbh.de\/geschaeftskunden\/produkte\/limclean-wc-bad-reiniger\/","title":{"rendered":"LimClean WC-\u00adReiniger"},"content":{"rendered":"<p>[vc_row][vc_column width=&#8220;1\/4&#8243;][vc_single_image image=&#8220;3197&#8243; img_size=&#8220;medium&#8220;]    <div class=\"shortcode container  \"\r\n        >\r\n        [vc_column_text][\/vc_column_text]    <\/div>\r\n    [\/vc_column][vc_column width=&#8220;3\/4&#8243;][vc_column_text]<\/p>\n<h3>LimClean \u2013 Der WC-Held<\/h3>\n<h4><strong>Kalk und Urinstein haben keine Chance.<\/strong><\/h4>\n<ul>\n<li>gebrauchsfertig<\/li>\n<li>Toiletten<\/li>\n<li>Waschbecken<\/li>\n<li>Wannen<\/li>\n<\/ul>\n<h3>Gebrauchsfertiger Reiniger f\u00fcr Toiletten, Waschbecken und Wannen<\/h3>\n<p>LimClean, der\u00a0<strong>hochwirksame WC-Reiniger<\/strong>\u00a0geh\u00f6rt einfach in einem modernen Haushalt mit dazu. LimClean verschafft Ihnen eine \u201evorzeigbare\u201c Toilette ohne gro\u00dfe M\u00fchen und wirkt selbstt\u00e4tig ohne den Zusatz von aggressiven, scharfen S\u00e4uren, die bleibende Sch\u00e4den verursachen k\u00f6nnen. So werden Ihre\u00a0<strong>Toiletten<\/strong>,\u00a0<strong>Waschbecken<\/strong>\u00a0und\u00a0<strong>Wannen<\/strong>, ja sogar Ihre\u00a0<strong>farbigen Acrylausstattungen<\/strong>, zuverl\u00e4ssig befreit von unsch\u00f6nem Kalk- und Urinstein. Und nat\u00fcrlich entfernt LimClean auch die \u00fcblichen\u00a0<strong>Seifen- und Schmutzreste<\/strong>\u00a0gleich mit. LimClean ist erh\u00e4ltlich als gebrauchsfertiges Konzentrat mit der Haftformel Zellulose in der praktischen 500 ml-Flasche mit bew\u00e4hrter Rezeptur.<\/p>\n<table style=\"height: 20px;\" border=\"0\" width=\"280\" frame=\"VOID\" rules=\"NONE\" cellspacing=\"0\">\n<colgroup>\n<col width=\"86\" \/><\/colgroup>\n<tbody>\n<tr>\n<td align=\"LEFT\" width=\"86\" height=\"17\"><span style=\"font-size: xx-small;\">@ WTI Archivbild \/ Michael Bodmann Management &amp; More GmbH<\/span><\/td>\n<\/tr>\n<\/tbody>\n<\/table>\n<p><a href=\"https:\/\/wti-gmbh.de\/geschaeftskunden\/produkt\/limclean-wc-reiniger-12-x-500ml\/\">im Online-Shop kaufen<\/a>[\/vc_column_text][\/vc_column][\/vc_row][vc_row][vc_column][vc_column_text]<\/p>\n<h3>Anwendung<\/h3>\n<div id=\"idTextPanel\" class=\"jqDnR\">\n<p><strong>L\u00f6st umweltgerecht Kalk- und Urinstein in Toiletten. Auch f\u00fcr Wannen und Waschbecken geeignet.<\/strong><\/p>\n<p>LimClean gleichm\u00e4\u00dfig in die Toilette und unter die WC-R\u00e4nder geben, ausreichend lang einwirken lassen. Anschlie\u00dfend wie gewohnt nachreinigen.<\/p>\n<p>In hartn\u00e4ckigen F\u00e4llen Vorgang wiederholen.<\/p>\n<p>LimClean entfernt auch Seifen- und Schmutzreste in Wannen und Waschbecken (auch bei farbigen Acrylausstattungen anwendbar).<\/p>\n<\/div>\n<h3>Verf\u00fcgbare Gr\u00f6\u00dfen<\/h3>\n<p>500 ml Flasche[\/vc_column_text][\/vc_column][\/vc_row]<\/p>\n","protected":false},"excerpt":{"rendered":"<p>[vc_row][vc_column width=&#8220;1\/4&#8243;][vc_single_image image=&#8220;3197&#8243; img_size=&#8220;medium&#8220;][\/vc_column][vc_column width=&#8220;3\/4&#8243;][vc_column_text] LimClean \u2013 Der WC-Held Kalk und Urinstein haben keine Chance. gebrauchsfertig Toiletten Waschbecken Wannen Gebrauchsfertiger Reiniger f\u00fcr Toiletten, Waschbecken und Wannen LimClean, der\u00a0hochwirksame WC-Reiniger\u00a0geh\u00f6rt einfach in einem modernen Haushalt mit dazu. LimClean verschafft Ihnen eine \u201evorzeigbare\u201c Toilette ohne gro\u00dfe M\u00fchen und wirkt selbstt\u00e4tig ohne den Zusatz von aggressiven, scharfen S\u00e4uren, [&hellip;]<\/p>\n","protected":false},"author":1,"featured_media":0,"parent":2418,"menu_order":7,"comment_status":"closed","ping_status":"closed","template":"","meta":[],"_links":{"self":[{"href":"https:\/\/wti-gmbh.de\/geschaeftskunden\/wp-json\/wp\/v2\/pages\/2457"}],"collection":[{"href":"https:\/\/wti-gmbh.de\/geschaeftskunden\/wp-json\/wp\/v2\/pages"}],"about":[{"href":"https:\/\/wti-gmbh.de\/geschaeftskunden\/wp-json\/wp\/v2\/types\/page"}],"author":[{"embeddable":true,"href":"https:\/\/wti-gmbh.de\/geschaeftskunden\/wp-json\/wp\/v2\/users\/1"}],"replies":[{"embeddable":true,"href":"https:\/\/wti-gmbh.de\/geschaeftskunden\/wp-json\/wp\/v2\/comments?post=2457"}],"version-history":[{"count":21,"href":"https:\/\/wti-gmbh.de\/geschaeftskunden\/wp-json\/wp\/v2\/pages\/2457\/revisions"}],"predecessor-version":[{"id":3582,"href":"https:\/\/wti-gmbh.de\/geschaeftskunden\/wp-json\/wp\/v2\/pages\/2457\/revisions\/3582"}],"up":[{"embeddable":true,"href":"https:\/\/wti-gmbh.de\/geschaeftskunden\/wp-json\/wp\/v2\/pages\/2418"}],"wp:attachment":[{"href":"https:\/\/wti-gmbh.de\/geschaeftskunden\/wp-json\/wp\/v2\/media?parent=2457"}],"curies":[{"name":"wp","href":"https:\/\/api.w.org\/{rel}","templated":true}]}}