{"id":2454,"date":"2015-08-03T17:39:58","date_gmt":"2015-08-03T15:39:58","guid":{"rendered":"http:\/\/wti-gmbh.de\/geschaeftskunden\/?page_id=2454"},"modified":"2023-01-31T10:42:39","modified_gmt":"2023-01-31T09:42:39","slug":"limtex-mikrofasertuch","status":"publish","type":"page","link":"https:\/\/wti-gmbh.de\/geschaeftskunden\/produkte\/limtex-mikrofasertuch\/","title":{"rendered":"LimTex Universal-Mikrofasertuch"},"content":{"rendered":"<p>[vc_row][vc_column width=&#8220;1\/4&#8243;][vc_single_image image=&#8220;3202&#8243; img_size=&#8220;medium&#8220;][row][column lg=&#8220;4&#8243; md=&#8220;4&#8243; sm=&#8220;4&#8243;][vc_single_image image=&#8220;3202&#8243; img_size=&#8220;full&#8220; style=&#8220;vc_box_rounded&#8220;][\/column][column lg=&#8220;8&#8243; md=&#8220;8&#8243; sm=&#8220;8&#8243;][vc_column_text]<\/p>\n<h3>LimTex \/ Der praktische Helfer<\/h3>\n<h4>Putzen wie die Profis<\/h4>\n<ul>\n<li>Mit doppelter Saugkraft gl\u00e4nzt alles wie neu.<\/li>\n<li>Extragro\u00df ca. 40 x 40 cm<\/li>\n<li>Geh\u00f6rt in jeden Haushalt<\/li>\n<\/ul>\n<p>[\/vc_column_text][vc_column_text]LimTex, das etwas andere <strong>Mikrofasertuch<\/strong>, ist doppelt gewebt f\u00fcr <strong>doppelte<\/strong> Saug- und Reinigungskraft. Extragro\u00df (ca. 40 x 40 cm) und somit die ideale Unterst\u00fctzung bei der t\u00e4glichen Anwendung unserer Produkte.[\/vc_column_text][vc_button title=&#8220;im Online Shop kaufen&#8220; color=&#8220;btn-warning&#8220; size=&#8220;btn-large&#8220; href=&#8220;https:\/\/wti-gmbh.de\/geschaeftskunden\/produkt\/limtex-microfasertuch-10-stk\/&#8220;][\/column][\/row][\/vc_column][vc_column width=&#8220;3\/4&#8243;][vc_column_text]<\/p>\n<h3>LimTex \u2013 Der praktische Helfer<\/h3>\n<h4>Putzen wie die Profis<\/h4>\n<ul>\n<li>Mit doppelter Saugkraft gl\u00e4nzt alles wie neu.<\/li>\n<li>Extra gro\u00df ca. 40 x 40 cm<\/li>\n<li>Geh\u00f6rt in jede Werstatt.<\/li>\n<\/ul>\n<p>LimTex, das etwas andere\u00a0<strong>Mikrofasertuch<\/strong>, ist doppelt gewebt f\u00fcr\u00a0<strong>doppelte<\/strong>\u00a0Saug- und Reinigungskraft. Extra gro\u00df (ca. 40 x 40 cm) und somit die ideale Unterst\u00fctzung bei der t\u00e4glichen Anwendung unserer Produkte.<\/p>\n<table style=\"height: 20px;\" border=\"0\" width=\"280\" frame=\"VOID\" rules=\"NONE\" cellspacing=\"0\">\n<colgroup>\n<col width=\"86\" \/><\/colgroup>\n<tbody>\n<tr>\n<td align=\"LEFT\" width=\"86\" height=\"17\"><span style=\"font-size: xx-small;\">@ WTI Archivbild \/ Michael Bodmann Management &amp; More GmbH<\/span><\/td>\n<\/tr>\n<\/tbody>\n<\/table>\n<p><a href=\"https:\/\/wti-gmbh.de\/privatkunden\/shop\/limtex-microfasertuch\/\">im Online-Shop kaufen<\/a>[\/vc_column_text][\/vc_column][\/vc_row][vc_row][vc_column]    <div class=\"shortcode container  \"\r\n        >\r\n        [vc_column_text]<\/p>\n<h3>Anwendung<\/h3>\n<div id=\"idTextPanel\" class=\"jqDnR\">\n<p><strong>Mikrofasertuch, doppelt gewebt f\u00fcr doppelte Saug- und Reinigungskraft.<\/strong><\/p>\n<p>LimTex, das etwas andere Mikrofasertuch, ist doppelt gewebt f\u00fcr doppelte Saug- und Reinigungskraft. Extragro\u00df (ca. 40 x 40 cm) und somit die ideale Unterst\u00fctzung bei der t\u00e4glichen Anwendung unserer Produkte.<\/p>\n<\/div>\n<h3>Verf\u00fcgbare Gr\u00f6\u00dfen<\/h3>\n<p>Mikrofasertuch: 40 x 40 cm[\/vc_column_text]    <\/div>\r\n    [\/vc_column][\/vc_row]<\/p>\n","protected":false},"excerpt":{"rendered":"<p>[vc_row][vc_column width=&#8220;1\/4&#8243;][vc_single_image image=&#8220;3202&#8243; img_size=&#8220;medium&#8220;][row][column lg=&#8220;4&#8243; md=&#8220;4&#8243; sm=&#8220;4&#8243;][vc_single_image image=&#8220;3202&#8243; img_size=&#8220;full&#8220; style=&#8220;vc_box_rounded&#8220;][\/column][column lg=&#8220;8&#8243; md=&#8220;8&#8243; sm=&#8220;8&#8243;][vc_column_text] LimTex \/ Der praktische Helfer Putzen wie die Profis Mit doppelter Saugkraft gl\u00e4nzt alles wie neu. Extragro\u00df ca. 40 x 40 cm Geh\u00f6rt in jeden Haushalt [\/vc_column_text][vc_column_text]LimTex, das etwas andere Mikrofasertuch, ist doppelt gewebt f\u00fcr doppelte Saug- und Reinigungskraft. Extragro\u00df (ca. 40 [&hellip;]<\/p>\n","protected":false},"author":1,"featured_media":0,"parent":2418,"menu_order":8,"comment_status":"closed","ping_status":"closed","template":"","meta":[],"_links":{"self":[{"href":"https:\/\/wti-gmbh.de\/geschaeftskunden\/wp-json\/wp\/v2\/pages\/2454"}],"collection":[{"href":"https:\/\/wti-gmbh.de\/geschaeftskunden\/wp-json\/wp\/v2\/pages"}],"about":[{"href":"https:\/\/wti-gmbh.de\/geschaeftskunden\/wp-json\/wp\/v2\/types\/page"}],"author":[{"embeddable":true,"href":"https:\/\/wti-gmbh.de\/geschaeftskunden\/wp-json\/wp\/v2\/users\/1"}],"replies":[{"embeddable":true,"href":"https:\/\/wti-gmbh.de\/geschaeftskunden\/wp-json\/wp\/v2\/comments?post=2454"}],"version-history":[{"count":14,"href":"https:\/\/wti-gmbh.de\/geschaeftskunden\/wp-json\/wp\/v2\/pages\/2454\/revisions"}],"predecessor-version":[{"id":3583,"href":"https:\/\/wti-gmbh.de\/geschaeftskunden\/wp-json\/wp\/v2\/pages\/2454\/revisions\/3583"}],"up":[{"embeddable":true,"href":"https:\/\/wti-gmbh.de\/geschaeftskunden\/wp-json\/wp\/v2\/pages\/2418"}],"wp:attachment":[{"href":"https:\/\/wti-gmbh.de\/geschaeftskunden\/wp-json\/wp\/v2\/media?parent=2454"}],"curies":[{"name":"wp","href":"https:\/\/api.w.org\/{rel}","templated":true}]}}