{"id":2447,"date":"2015-08-03T17:32:02","date_gmt":"2015-08-03T15:32:02","guid":{"rendered":"http:\/\/wti-gmbh.de\/geschaeftskunden\/?page_id=2447"},"modified":"2023-01-31T10:39:46","modified_gmt":"2023-01-31T09:39:46","slug":"limdusch-duschwand-reiniger","status":"publish","type":"page","link":"https:\/\/wti-gmbh.de\/geschaeftskunden\/produkte\/limdusch-duschwand-reiniger\/","title":{"rendered":"LimDusch Duschwand-Reiniger"},"content":{"rendered":"<p>[vc_row][vc_column width=&#8220;1\/4&#8243;][vc_single_image image=&#8220;3198&#8243; img_size=&#8220;medium&#8220;][row][column lg=&#8220;4&#8243; md=&#8220;4&#8243; sm=&#8220;4&#8243;][vc_single_image image=&#8220;3198&#8243; img_size=&#8220;full&#8220; style=&#8220;vc_box_rounded&#8220;][\/column][column lg=&#8220;8&#8243; md=&#8220;8&#8243; sm=&#8220;8&#8243;][vc_column_text]<\/p>\n<div class=\"description\">\n<h3>Hochwirksamer Duschwand- und Sanit\u00e4r-Reiniger<\/h3>\n<p>LimDusch, der bei Ihnen seit Jahren sehr beliebte <strong>Duschwand-Reiniger<\/strong>, beseitigt schnell und sicher unsch\u00f6ne <strong>Kalk- und Wasserflecken<\/strong> von <strong>Duschw\u00e4nden, Armaturen, Fliesen<\/strong> usw. Das<strong> Profi-Mittel<\/strong> LimDusch bringt Ihr gesamtes Bad wieder auf Touren und l\u00e4sst es beinahe im Handumdrehen in neuem, spiegelnden Glanz erstrahlen.<\/div>\n<p>[\/vc_column_text][vc_column_text]<\/p>\n<h3>Was ist das Besondere an LimDusch?<\/h3>\n<p>LimDusch ist absolut<strong> problem- und m\u00fchelos<\/strong> in der Anwendung: Einfach aufspr\u00fchen, kurz wirken lassen, absp\u00fclen und wie gewohnt nachwischen. LimDusch ist erh\u00e4ltlich als gebrauchsfertiges Konzentrat in der <strong>sparsamen<\/strong> 1000 ml-Flasche mit verbesserter Wirk-Formel.[\/vc_column_text][vc_button title=&#8220;im Online Shop kaufen&#8220; color=&#8220;btn-warning&#8220; size=&#8220;btn-large&#8220; href=&#8220;https:\/\/wti-gmbh.de\/geschaeftskunden\/produkt\/limdusch-duschwand-reiniger-12-x-1-liter\/&#8220;][\/column][\/row][\/vc_column][vc_column width=&#8220;3\/4&#8243;][vc_column_text]<\/p>\n<h3 class=\"has-text-align-left\">LimDusch \/ Der Bad-Profi \u2013 Beseitigt Kalk- und Wasserflecken von Duschw\u00e4nden, Armaturen und Fliesen.<\/h3>\n<h4>Damit wird das Bad zur Wohlf\u00fchl-Oase<\/h4>\n<ul>\n<li>gebrauchsfertig<\/li>\n<li>Duschw\u00e4nde<\/li>\n<li>Waschbecken<\/li>\n<li>Fliesen<\/li>\n<li>Armaturen<\/li>\n<\/ul>\n<p>LimDusch, der bei Ihnen seit Jahren sehr beliebte Duschwand-Reiniger, beseitigt schnell und sicher unsch\u00f6ne\u00a0<strong>Kalk- und Wasserflecken<\/strong>\u00a0von\u00a0<strong>Duschw\u00e4nden, Armaturen, Fliesen<\/strong>\u00a0usw. Das Profi-Mittel LimDusch bringt Ihr gesamtes Bad wieder auf Touren und l\u00e4sst es beinahe im Handumdrehen in neuem, spiegelnden\u00a0<strong>Glanz<\/strong>\u00a0erstrahlen. LimDusch ist absolut problem- und m\u00fchelos in der Anwendung: Einfach aufspr\u00fchen, kurz wirken lassen, absp\u00fclen und wie gewohnt nachwischen. LimDusch ist erh\u00e4ltlich als gebrauchsfertiges Konzentrat.<\/p>\n<table style=\"height: 20px;\" border=\"0\" width=\"280\" frame=\"VOID\" rules=\"NONE\" cellspacing=\"0\">\n<colgroup>\n<col width=\"86\" \/><\/colgroup>\n<tbody>\n<tr>\n<td align=\"LEFT\" width=\"86\" height=\"17\"><span style=\"font-size: xx-small;\">@ WTI Archivbild \/ Michael Bodmann Management &amp; More GmbH<\/span><\/td>\n<\/tr>\n<\/tbody>\n<\/table>\n<p><a href=\"https:\/\/wti-gmbh.de\/geschaeftskunden\/produkt\/limdusch-duschwand-reiniger-12-x-1-liter\/\">im Online-Shop kaufen<\/a>[\/vc_column_text][\/vc_column][\/vc_row][vc_row][vc_column]    <div class=\"shortcode container  \"\r\n        >\r\n        [vc_column_text]<\/p>\n<h3>Anwendung<\/h3>\n<p>LimDusch ist ein gebrauchsfertiges Konzentrat und kann <strong>sofort<\/strong> angewandt werden.<\/p>\n<p>Einfach aufspr\u00fchen, kurz wirken lassen, dann absp\u00fclen und wie gewohnt nachwischen.<\/p>\n<p>Bei der Anwendung von LimDusch in kleinen B\u00e4dern empfehlen wir, das Fenster w\u00e4hrend des Spr\u00fchvorgangs ge\u00f6ffnet zu lassen.<\/p>\n<h3>Arbeitssicherheit<\/h3>\n<p>LimDusch verursacht <strong>KEINE<\/strong> gesundheitssch\u00e4digenden D\u00e4mpfe oder unangenehmen Ger\u00fcche w\u00e4hrend der Anwendung.[\/li]\n<h3>Entsorgung<\/h3>\n<p>Die Entsorgung von LimDusch erfordert <strong>KEINE<\/strong> besonderen Ma\u00dfnahmen.[\/vc_column_text]    <\/div>\r\n    [\/vc_column][\/vc_row]<\/p>\n","protected":false},"excerpt":{"rendered":"<p>[vc_row][vc_column width=&#8220;1\/4&#8243;][vc_single_image image=&#8220;3198&#8243; img_size=&#8220;medium&#8220;][row][column lg=&#8220;4&#8243; md=&#8220;4&#8243; sm=&#8220;4&#8243;][vc_single_image image=&#8220;3198&#8243; img_size=&#8220;full&#8220; style=&#8220;vc_box_rounded&#8220;][\/column][column lg=&#8220;8&#8243; md=&#8220;8&#8243; sm=&#8220;8&#8243;][vc_column_text] Hochwirksamer Duschwand- und Sanit\u00e4r-Reiniger LimDusch, der bei Ihnen seit Jahren sehr beliebte Duschwand-Reiniger, beseitigt schnell und sicher unsch\u00f6ne Kalk- und Wasserflecken von Duschw\u00e4nden, Armaturen, Fliesen usw. Das Profi-Mittel LimDusch bringt Ihr gesamtes Bad wieder auf Touren und l\u00e4sst es beinahe im Handumdrehen [&hellip;]<\/p>\n","protected":false},"author":1,"featured_media":0,"parent":2418,"menu_order":4,"comment_status":"closed","ping_status":"closed","template":"","meta":[],"_links":{"self":[{"href":"https:\/\/wti-gmbh.de\/geschaeftskunden\/wp-json\/wp\/v2\/pages\/2447"}],"collection":[{"href":"https:\/\/wti-gmbh.de\/geschaeftskunden\/wp-json\/wp\/v2\/pages"}],"about":[{"href":"https:\/\/wti-gmbh.de\/geschaeftskunden\/wp-json\/wp\/v2\/types\/page"}],"author":[{"embeddable":true,"href":"https:\/\/wti-gmbh.de\/geschaeftskunden\/wp-json\/wp\/v2\/users\/1"}],"replies":[{"embeddable":true,"href":"https:\/\/wti-gmbh.de\/geschaeftskunden\/wp-json\/wp\/v2\/comments?post=2447"}],"version-history":[{"count":15,"href":"https:\/\/wti-gmbh.de\/geschaeftskunden\/wp-json\/wp\/v2\/pages\/2447\/revisions"}],"predecessor-version":[{"id":3580,"href":"https:\/\/wti-gmbh.de\/geschaeftskunden\/wp-json\/wp\/v2\/pages\/2447\/revisions\/3580"}],"up":[{"embeddable":true,"href":"https:\/\/wti-gmbh.de\/geschaeftskunden\/wp-json\/wp\/v2\/pages\/2418"}],"wp:attachment":[{"href":"https:\/\/wti-gmbh.de\/geschaeftskunden\/wp-json\/wp\/v2\/media?parent=2447"}],"curies":[{"name":"wp","href":"https:\/\/api.w.org\/{rel}","templated":true}]}}