{"id":2442,"date":"2015-08-03T17:28:18","date_gmt":"2015-08-03T15:28:18","guid":{"rendered":"http:\/\/wti-gmbh.de\/geschaeftskunden\/?page_id=2442"},"modified":"2023-01-31T10:36:06","modified_gmt":"2023-01-31T09:36:06","slug":"limtech-industrie-reiniger","status":"publish","type":"page","link":"https:\/\/wti-gmbh.de\/geschaeftskunden\/produkte\/limtech-industrie-reiniger\/","title":{"rendered":"LimTech Industrie-Reiniger"},"content":{"rendered":"<p>[vc_row][vc_column width=&#8220;1\/4&#8243;][vc_single_image image=&#8220;3201&#8243; img_size=&#8220;medium&#8220;][row][column lg=&#8220;4&#8243; md=&#8220;4&#8243; sm=&#8220;4&#8243;][vc_single_image image=&#8220;3201&#8243; img_size=&#8220;full&#8220; style=&#8220;vc_box_rounded&#8220;][\/column][column lg=&#8220;8&#8243; md=&#8220;8&#8243; sm=&#8220;8&#8243;][vc_column_text]<\/p>\n<h3>100 % Super-Fl\u00fcssigkonzentrat<\/h3>\n<p>Hochwirksamer <strong>Spezial-Reiniger<\/strong> als 100 %-Fl\u00fcssigkonzentrat zur professionellen Reinigung und Entfernung von \u00d6len, Fetten, Farben, Kleber und Verschmutzungen aller Art von Ger\u00e4ten und Maschinen, Werkzeugen in Industrie und Gewerbe.[\/vc_column_text][vc_column_text]<\/p>\n<h3>Was ist das Besondere an LimTech?<\/h3>\n<p>LimTech Industrie-Reiniger wird in der Regel verd\u00fcnnt angewendet. Als Konzentrat geben Sie LimTech Industrie-Reiniger pur auf ein nasses, werkstatt\u00fcbliches Reinigungstuch (z. B. Mikrofasertuch) und entfernen Sie die Verunreinigung. \u00dcbliche Verd\u00fcnnung in der Pumpsprayflaschen: 5 Verschlusskappen auf 1 Liter Wasser sind ausreichend.[\/vc_column_text][vc_button title=&#8220;im Online Shop kaufen&#8220; color=&#8220;btn-warning&#8220; size=&#8220;btn-large&#8220; href=&#8220;https:\/\/wti-gmbh.de\/geschaeftskunden\/produkt\/limtech-industrie-reiniger-500ml-flasche\/&#8220;][\/column][column][\/column][column][\/column][\/row][\/vc_column][vc_column width=&#8220;3\/4&#8243;][vc_column_text]<\/p>\n<h3 class=\"has-text-align-left\">LimTech Industrie-Reiniger<\/h3>\n<h4>Dieses Konzentrat schafft den h\u00e4rtesten Schmutz.<\/h4>\n<ul>\n<li>100 % Fl\u00fcssigkonzentrat auf Orangen\u00f6l- und Orangenterpenbasis<\/li>\n<li>entfernt Fette, \u00d6le, Farben, Kleber und Verschmutzungen aller Art<\/li>\n<li>St\u00e4rkste Verschmutzungen: Industrie, Werkstatt, Auto, Hobby &#8230;..<\/li>\n<\/ul>\n<p>LimTech, der <strong>universelle Industrie-Reiniger<\/strong> ist nach wie vor unser absolutes Top-Produkt! LimTech Industrie-Reiniger ist ein 100%-Super-Fl\u00fcssigkonzentrat mit nachweisbar 100 % hochwirksamen Inhaltsstoffen und einem superattraktiven Preis-Leistungsverh\u00e4ltnis!<\/p>\n<table style=\"height: 20px;\" border=\"0\" width=\"280\" frame=\"VOID\" rules=\"NONE\" cellspacing=\"0\">\n<colgroup>\n<col width=\"86\" \/><\/colgroup>\n<tbody>\n<tr>\n<td align=\"LEFT\" width=\"86\" height=\"17\"><span style=\"font-size: xx-small;\">@ WTI Archivbild \/ Michael Bodmann Management &amp; More GmbH<\/span><\/td>\n<\/tr>\n<\/tbody>\n<\/table>\n<p><a href=\"https:\/\/wti-gmbh.de\/geschaeftskunden\/produkt\/limtech-industrie-reiniger-500ml-flasche\/\">im Online-Shop kaufen<\/a>[\/vc_column_text][\/vc_column][\/vc_row][vc_row][vc_column][vc_column_text]<\/p>\n<h3>Anwendung<\/h3>\n<p><strong>LimTech Industrie-Reiniger wird pur als 100 %-Konzentrat oder verd\u00fcnnt mit normalem Wasser angewendet.<\/strong><\/p>\n<h3>Als Konzentrat<\/h3>\n<p>LimTech Industrie-Reiniger pur auf ein nasses, werkstatt\u00fcbliches Reinigungstuch (z. B. <a href=\"http:\/\/wti-gmbh.de\/geschaeftskunden\/produkt\/limtex-microfasertuch-10-stk\/\">Mikrofasertuch<\/a>) geben und die hartn\u00e4ckigen Verunreinigungen entfernen.<\/p>\n<h3>Zur Herstellung einer Verd\u00fcnnung<\/h3>\n<p>10 Verschlusskappen LimTech Industrie-Reiniger auf einen halben 5-Liter-Kanister Wasser mischen und die Verunreinigung mit einem werkstatt\u00fcblichen Reinigungstuch (z. B. <a href=\"http:\/\/wti-gmbh.de\/geschaeftskunden\/produkt\/limtex-microfasertuch-10-stk\/\">Mikrofasertuch<\/a>) entfernen.<\/p>\n<h3>Zur Anwendung in einer \u00fcblichen Pumpsprayflasche<\/h3>\n<p>5 Verschlusskappen LimTech Industrie-Reiniger mit 1 Liter Wasser mischen. Kurz sch\u00fctteln, auf die Verschmutzung spr\u00fchen und etwas einwirken lassen. Anschlie\u00dfend die Verunreinigung mit einem Reinigungstuch wie gewohnt entfernen.<\/p>\n<h3>Arbeitssicherheit<\/h3>\n<p>LimTech Industrie-Reiniger verursacht <strong>KEINE<\/strong> l\u00e4stigen D\u00e4mpfe oder unangenehmen Ger\u00fcche w\u00e4hrend der Anwendung.<\/p>\n<p>Bei Daueranwendung kann LimTech Industrie-Reiniger zu Hautaustrocknungen f\u00fchren, deshalb empfehlen wir das Tragen von Schutzhandschuhen w\u00e4hrend der Anwendung.<\/p>\n<h3>Entsorgung<\/h3>\n<p>LimTech Industrie-Reiniger ist nach der Anwendung gem\u00e4\u00df den Vorschriften f\u00fcr \u00d6l- und \u00a0Farbreste sowie den sonst \u00fcblichen, technischen Verunreinigungen zu entsorgen.[\/vc_column_text][\/vc_column][\/vc_row]<\/p>\n","protected":false},"excerpt":{"rendered":"<p>[vc_row][vc_column width=&#8220;1\/4&#8243;][vc_single_image image=&#8220;3201&#8243; img_size=&#8220;medium&#8220;][row][column lg=&#8220;4&#8243; md=&#8220;4&#8243; sm=&#8220;4&#8243;][vc_single_image image=&#8220;3201&#8243; img_size=&#8220;full&#8220; style=&#8220;vc_box_rounded&#8220;][\/column][column lg=&#8220;8&#8243; md=&#8220;8&#8243; sm=&#8220;8&#8243;][vc_column_text] 100 % Super-Fl\u00fcssigkonzentrat Hochwirksamer Spezial-Reiniger als 100 %-Fl\u00fcssigkonzentrat zur professionellen Reinigung und Entfernung von \u00d6len, Fetten, Farben, Kleber und Verschmutzungen aller Art von Ger\u00e4ten und Maschinen, Werkzeugen in Industrie und Gewerbe.[\/vc_column_text][vc_column_text] Was ist das Besondere an LimTech? LimTech Industrie-Reiniger wird in der [&hellip;]<\/p>\n","protected":false},"author":1,"featured_media":0,"parent":2418,"menu_order":3,"comment_status":"closed","ping_status":"closed","template":"","meta":[],"_links":{"self":[{"href":"https:\/\/wti-gmbh.de\/geschaeftskunden\/wp-json\/wp\/v2\/pages\/2442"}],"collection":[{"href":"https:\/\/wti-gmbh.de\/geschaeftskunden\/wp-json\/wp\/v2\/pages"}],"about":[{"href":"https:\/\/wti-gmbh.de\/geschaeftskunden\/wp-json\/wp\/v2\/types\/page"}],"author":[{"embeddable":true,"href":"https:\/\/wti-gmbh.de\/geschaeftskunden\/wp-json\/wp\/v2\/users\/1"}],"replies":[{"embeddable":true,"href":"https:\/\/wti-gmbh.de\/geschaeftskunden\/wp-json\/wp\/v2\/comments?post=2442"}],"version-history":[{"count":17,"href":"https:\/\/wti-gmbh.de\/geschaeftskunden\/wp-json\/wp\/v2\/pages\/2442\/revisions"}],"predecessor-version":[{"id":3577,"href":"https:\/\/wti-gmbh.de\/geschaeftskunden\/wp-json\/wp\/v2\/pages\/2442\/revisions\/3577"}],"up":[{"embeddable":true,"href":"https:\/\/wti-gmbh.de\/geschaeftskunden\/wp-json\/wp\/v2\/pages\/2418"}],"wp:attachment":[{"href":"https:\/\/wti-gmbh.de\/geschaeftskunden\/wp-json\/wp\/v2\/media?parent=2442"}],"curies":[{"name":"wp","href":"https:\/\/api.w.org\/{rel}","templated":true}]}}