{"id":2430,"date":"2015-08-03T17:18:11","date_gmt":"2015-08-03T15:18:11","guid":{"rendered":"http:\/\/wti-gmbh.de\/geschaeftskunden\/?page_id=2430"},"modified":"2023-01-31T10:37:18","modified_gmt":"2023-01-31T09:37:18","slug":"limcalc-spezial","status":"publish","type":"page","link":"https:\/\/wti-gmbh.de\/geschaeftskunden\/produkte\/limcalc-spezial\/","title":{"rendered":"LimCalc Spezial"},"content":{"rendered":"<p>[vc_row][vc_column width=&#8220;1\/4&#8243;][vc_single_image image=&#8220;3196&#8243; img_size=&#8220;medium&#8220;][row][column lg=&#8220;4&#8243; md=&#8220;4&#8243; sm=&#8220;4&#8243;][vc_single_image image=&#8220;3196&#8243; img_size=&#8220;full&#8220; style=&#8220;vc_box_rounded&#8220;][\/column][column lg=&#8220;8&#8243; md=&#8220;8&#8243; sm=&#8220;8&#8243;][vc_column_text]<\/p>\n<h3>Hochwirksamer Kalk- und Rostl\u00f6ser als 100%\u00a0 Pulverkonzentrat<\/h3>\n<p>LimCalc Spezial<strong> f\u00fcr Industrie und Gewerbe<\/strong> l\u00f6st anwender-, material- und umweltfreundlich alle <strong>Kalk- und Rostprobleme in Heizungs- und Industrieanlagen<\/strong> (z. B. K\u00fchlaggregaten, Luftw\u00e4scheranlagen), von <strong>angerosteten\u00a0 Maschinenwerkst\u00fccken<\/strong>, in Industriewasch- und Sp\u00fclmaschinen, in <strong>gewerblichen Kaffeeautomaten<\/strong> usw. ganz <strong>OHNE\u00a0<\/strong> l\u00e4stige Ger\u00fcche und ohne aufwendige Neutralisation sowie <strong>OHNE<\/strong> spezielle Entsorgung![\/vc_column_text][vc_column_text]<\/p>\n<h3>F\u00fcr wen eignet sich LimCalc Spezial?<\/h3>\n<p>LimCalc Spezial nutzen Industrie- und Gewerbekunden zur <strong>professionellen Entkalkung, Kalkreinigung<\/strong> (Kreislaufsp\u00fclung) sowie <strong>Rostentfernung<\/strong> von\/in Ger\u00e4ten und Maschinen.[\/vc_column_text][vc_button title=&#8220;im Online Shop kaufen&#8220; color=&#8220;btn-warning&#8220; size=&#8220;btn-large&#8220; href=&#8220;https:\/\/wti-gmbh.de\/geschaeftskunden\/produkt\/limcalc_spezial\/&#8220;][\/column][\/row][\/vc_column][vc_column width=&#8220;3\/4&#8243;][vc_column_text]<\/p>\n<h3>Hochwirksamer Kalk- und Rostl\u00f6ser als 100%-Pulverkonzentrat<\/h3>\n<h4>M\u00fchelos und effizient entkalken<\/h4>\n<p>LimCalc Spezial f\u00fcr <strong>Industrie- und Gewerbe<\/strong> l\u00f6st anwender-, material- und umweltfreundlich alle <strong>Kalk- und Rostprobleme in Heizungs- und Industrieanlagen<\/strong> (z. B. K\u00fchlaggregaten, Luftw\u00e4scheranlagen) , von <strong>angerosteten Maschinenwerkst\u00fccken<\/strong>, in Industriewasch- und Sp\u00fclmaschinen, in <strong>gewerblichen Kaffeeautomaten<\/strong> usw. ganz <strong>OHNE<\/strong> l\u00e4stige Ger\u00fcche und ohne aufwendige Neutralisation sowie <strong>OHNE<\/strong> spezielle Entsorgung!<\/p>\n<h4>F\u00fcr wen eignet sich LimCalc Spezial?<\/h4>\n<p>LimCalc Spezial nutzen Industrie- und Gewerbekunden zur\u00a0<strong>professionellen Entkalkung, Kalkreinigung<\/strong>\u00a0(Kreislaufsp\u00fclung) sowie\u00a0<strong>Rostentfernung<\/strong>\u00a0von\/in Ger\u00e4ten und Maschinen.<\/p>\n<p>Mit LimCalc entkalken Sie sehr sparsam, material- und umweltschonend, sodass Ihre Ger\u00e4te und Maschinen keine bleibenden Kalksch\u00e4den davon tragen.<\/p>\n<table style=\"height: 20px;\" border=\"0\" width=\"280\" frame=\"VOID\" rules=\"NONE\" cellspacing=\"0\">\n<colgroup>\n<col width=\"86\" \/><\/colgroup>\n<tbody>\n<tr>\n<td align=\"LEFT\" width=\"86\" height=\"17\"><span style=\"font-size: xx-small;\">@ WTI Archivbild \/ Michael Bodmann Management &amp; More GmbH<\/span><\/td>\n<\/tr>\n<\/tbody>\n<\/table>\n<p><a href=\"https:\/\/wti-gmbh.de\/geschaeftskunden\/produkt\/limcalc_spezial\/\">im Online Shop kaufen<\/a>[\/vc_column_text][\/vc_column][\/vc_row][vc_row][vc_column]    <div class=\"shortcode container  \"\r\n        >\r\n        [vc_column_text]<\/p>\n<h3>Anwendung<\/h3>\n<p><strong>LimCalc Spezial wird eingesetzt zur Kalk- und Rostl\u00f6sung in Heizungs- und Rohranlagen, Boilern, Durchlauferhitzer, WC-Sp\u00fclk\u00e4sten, Pumpen, <\/strong><strong>Maschinenwerkzeugen, K\u00fchlaggregaten und -leitungen, Solaranlagen, Industriesp\u00fclmaschinen, Gewerbe-Kaffeeautomaten, Autowaschkreisl\u00e4ufe usw.<\/strong><\/p>\n<p>Jeweils einen 1kg-Beutel LimCalc Spezial pro 10 Liter Wasser in einem Mischbeh\u00e4lter aufl\u00f6sen und Kreislaufsp\u00fclung durchf\u00fchren.<\/p>\n<p>Ablauf Sp\u00fcl-Intervall: 10 Minuten Kreislaufsp\u00fclung durchf\u00fchren, anschlie\u00dfend die LimCalc Spezial-L\u00f6sung ca. 5 Minuten einwirken lassen und mehrfach wiederholen.<\/p>\n<p>Anzahl notwendige Sp\u00fcl-Intervalle: abh\u00e4ngig von der St\u00e4rke der zu l\u00f6senden Kalkinkrustationen.<\/p>\n<p>Die Anwendung mit hei\u00dfem Wasser beschleunigt den Entkalkungsvorgang erheblich.<\/p>\n<h3>Arbeitssicherheit<\/h3>\n<p>LimCalc Spezial verursacht <strong>KEINE<\/strong> l\u00e4stigen D\u00e4mpfe oder Ger\u00fcche w\u00e4hrend der Anwendung (im Gegensatz zu Anwendung von Ameisen-, Phosphor- oder Salzs\u00e4ure).<\/p>\n<h3>Entsorgung<\/h3>\n<p>Die Reste der LimCalc Spezial-L\u00f6sung k\u00f6nnen nach der Anwendung ohne separate Neutralisation \u00fcber das herk\u00f6mmliche Abwassernetz bzw. die Kanalisation problemlos entsorgt werden.[\/vc_column_text]    <\/div>\r\n    [\/vc_column][\/vc_row]<\/p>\n","protected":false},"excerpt":{"rendered":"<p>[vc_row][vc_column width=&#8220;1\/4&#8243;][vc_single_image image=&#8220;3196&#8243; img_size=&#8220;medium&#8220;][row][column lg=&#8220;4&#8243; md=&#8220;4&#8243; sm=&#8220;4&#8243;][vc_single_image image=&#8220;3196&#8243; img_size=&#8220;full&#8220; style=&#8220;vc_box_rounded&#8220;][\/column][column lg=&#8220;8&#8243; md=&#8220;8&#8243; sm=&#8220;8&#8243;][vc_column_text] Hochwirksamer Kalk- und Rostl\u00f6ser als 100%\u00a0 Pulverkonzentrat LimCalc Spezial f\u00fcr Industrie und Gewerbe l\u00f6st anwender-, material- und umweltfreundlich alle Kalk- und Rostprobleme in Heizungs- und Industrieanlagen (z. B. K\u00fchlaggregaten, Luftw\u00e4scheranlagen), von angerosteten\u00a0 Maschinenwerkst\u00fccken, in Industriewasch- und Sp\u00fclmaschinen, in gewerblichen Kaffeeautomaten usw. ganz [&hellip;]<\/p>\n","protected":false},"author":1,"featured_media":0,"parent":2418,"menu_order":1,"comment_status":"closed","ping_status":"closed","template":"","meta":[],"_links":{"self":[{"href":"https:\/\/wti-gmbh.de\/geschaeftskunden\/wp-json\/wp\/v2\/pages\/2430"}],"collection":[{"href":"https:\/\/wti-gmbh.de\/geschaeftskunden\/wp-json\/wp\/v2\/pages"}],"about":[{"href":"https:\/\/wti-gmbh.de\/geschaeftskunden\/wp-json\/wp\/v2\/types\/page"}],"author":[{"embeddable":true,"href":"https:\/\/wti-gmbh.de\/geschaeftskunden\/wp-json\/wp\/v2\/users\/1"}],"replies":[{"embeddable":true,"href":"https:\/\/wti-gmbh.de\/geschaeftskunden\/wp-json\/wp\/v2\/comments?post=2430"}],"version-history":[{"count":31,"href":"https:\/\/wti-gmbh.de\/geschaeftskunden\/wp-json\/wp\/v2\/pages\/2430\/revisions"}],"predecessor-version":[{"id":3578,"href":"https:\/\/wti-gmbh.de\/geschaeftskunden\/wp-json\/wp\/v2\/pages\/2430\/revisions\/3578"}],"up":[{"embeddable":true,"href":"https:\/\/wti-gmbh.de\/geschaeftskunden\/wp-json\/wp\/v2\/pages\/2418"}],"wp:attachment":[{"href":"https:\/\/wti-gmbh.de\/geschaeftskunden\/wp-json\/wp\/v2\/media?parent=2430"}],"curies":[{"name":"wp","href":"https:\/\/api.w.org\/{rel}","templated":true}]}}